{"id":3085,"date":"2021-10-08T17:10:31","date_gmt":"2021-10-08T15:10:31","guid":{"rendered":"https:\/\/www.snips.it\/ecosostenibilita\/"},"modified":"2025-03-05T12:30:59","modified_gmt":"2025-03-05T11:30:59","slug":"durabilite-environnementale","status":"publish","type":"page","link":"https:\/\/www.snips.it\/fr\/durabilite-environnementale\/","title":{"rendered":"Durabilit\u00e9 Environnementale"},"content":{"rendered":"<div class=\"gb-container gb-container-513aac0b\"><div class=\"gb-inside-container\">\n\n<h1 class=\"gb-headline gb-headline-37b22ccf gb-headline-text\">Durabilit\u00e9 Environnementale<\/h1>\n\n<\/div><\/div>\n\n<div class=\"gb-container gb-container-4c649788 ecos_bg\"><div class=\"gb-inside-container\">\n<div class=\"gb-grid-wrapper gb-grid-wrapper-8f51f384\">\n<div class=\"gb-grid-column gb-grid-column-0c754e89\"><div class=\"gb-container gb-container-0c754e89\"><div class=\"gb-inside-container\">\n<div class=\"gb-container gb-container-3b00fcc4\"><div class=\"gb-inside-container\">\n\n<h2 class=\"gb-headline gb-headline-cec15c9e gb-headline-text\">100% \u00e9co-durable. Des plastiques con\u00e7us pour durer<\/h2>\n\n\n\n<h5 class=\"gb-headline gb-headline-c3ee5e0b gb-headline-text\">Les produits Snips sont faits pour \u00eatre utilis\u00e9s tous les jours. Ils sont faits pour durer. Lorsque ces produits arrivent en fin de vie, ils sont 100% recyclables.<\/h5>\n\n\n\n<p class=\"gb-headline gb-headline-e4335f2f gb-headline-text\">Constamment test\u00e9s et rigoureusement contr\u00f4l\u00e9s, tous nos produits sont garantis pour passer des basses temp\u00e9ratures des cong\u00e9lateurs et r\u00e9frig\u00e9rateurs aux hautes temp\u00e9ratures des fours \u00e0 micro-ondes et lave-vaisselle, sans aucune d\u00e9formation, d\u00e9coloration ou d\u00e9gagement de substances nocives qui pourraient entrer en contact avec les aliments. Le choix des mat\u00e9riaux les meilleurs et les plus innovants nous permet de toujours garantir la fonctionnalit\u00e9 maximale des contenants. <br><br>Ces produits durent des ann\u00e9es et contribuent \u00e0 une r\u00e9duction significative de la quantit\u00e9 des plastiques jet\u00e9s. Aucun de nos produits n&rsquo;est con\u00e7u pour \u00eatre jetable ; pour cette raison, chaque r\u00e9cipient est accompagn\u00e9 d&rsquo;instructions pour une utilisation correcte. Et, lorsque ces produits atteignent leur fin de leur vie, ils sont 100% recyclables. Une attention particuli\u00e8re est accord\u00e9e \u00e0 l&#8217;emballage et \u00e0 l&rsquo;\u00e9tiquetage, qui r\u00e9pondent \u00e9galement \u00e0 cette exigence fondamentale de durabilit\u00e9.<br><br><\/p>\n\n<\/div><\/div>\n<\/div><\/div><\/div>\n\n<div class=\"gb-grid-column gb-grid-column-bb64ca9e\"><div class=\"gb-container gb-container-bb64ca9e\"><div class=\"gb-inside-container\">\n<div class=\"wp-block-image\">\n<figure class=\"alignright size-full\"><img loading=\"lazy\" decoding=\"async\" width=\"614\" height=\"683\" src=\"https:\/\/www.snips.it\/wp-content\/uploads\/2021\/10\/ecosostenibilita-1.jpg\" alt=\"\" class=\"wp-image-935\" srcset=\"https:\/\/www.snips.it\/wp-content\/uploads\/2021\/10\/ecosostenibilita-1.jpg 614w, https:\/\/www.snips.it\/wp-content\/uploads\/2021\/10\/ecosostenibilita-1-270x300.jpg 270w\" sizes=\"auto, (max-width: 614px) 100vw, 614px\" \/><\/figure>\n<\/div>\n<\/div><\/div><\/div>\n<\/div>\n\n<div class=\"gb-grid-wrapper gb-grid-wrapper-64018d43\">\n<div class=\"gb-grid-column gb-grid-column-3c216de7\"><div class=\"gb-container gb-container-3c216de7\"><div class=\"gb-inside-container\"><\/div><\/div><\/div>\n\n<div class=\"gb-grid-column gb-grid-column-52f1d418\"><div class=\"gb-container gb-container-52f1d418\"><div class=\"gb-inside-container\"><\/div><\/div><\/div>\n<\/div>\n\n<div class=\"gb-container gb-container-43b5ce26\"><div class=\"gb-inside-container\">\n<div class=\"gb-grid-wrapper gb-grid-wrapper-c743b138\">\n<div class=\"gb-grid-column gb-grid-column-600703fb\"><div class=\"gb-container gb-container-600703fb\"><div class=\"gb-inside-container\">\n<div class=\"wp-block-image\">\n<figure class=\"alignleft size-large\"><img loading=\"lazy\" decoding=\"async\" width=\"1024\" height=\"768\" src=\"https:\/\/www.snips.it\/wp-content\/uploads\/2021\/10\/orti_urbani_ftlia-kTW-1280x960@Produzione-1024x768.jpg\" alt=\"\" class=\"wp-image-939\" srcset=\"https:\/\/www.snips.it\/wp-content\/uploads\/2021\/10\/orti_urbani_ftlia-kTW-1280x960@Produzione-1024x768.jpg 1024w, https:\/\/www.snips.it\/wp-content\/uploads\/2021\/10\/orti_urbani_ftlia-kTW-1280x960@Produzione-300x225.jpg 300w, https:\/\/www.snips.it\/wp-content\/uploads\/2021\/10\/orti_urbani_ftlia-kTW-1280x960@Produzione-768x576.jpg 768w, https:\/\/www.snips.it\/wp-content\/uploads\/2021\/10\/orti_urbani_ftlia-kTW-1280x960@Produzione.jpg 1280w\" sizes=\"auto, (max-width: 1024px) 100vw, 1024px\" \/><\/figure>\n<\/div>\n<\/div><\/div><\/div>\n\n<div class=\"gb-grid-column gb-grid-column-6ee7b0b2\"><div class=\"gb-container gb-container-6ee7b0b2\"><div class=\"gb-inside-container\">\n<div class=\"gb-container gb-container-04cd3b49\"><div class=\"gb-inside-container\">\n\n<h2 class=\"gb-headline gb-headline-a619f151 gb-headline-text\"><strong>Recycler, r\u00e9utiliser, r\u00e9duire les d\u00e9chets.<\/strong><\/h2>\n\n\n\n<h5 class=\"gb-headline gb-headline-330db2c7 gb-headline-text\"><strong><strong>Pour nous, la durabilit\u00e9 n&rsquo;est pas une mode: nous avons toujours travaill\u00e9 dans l\u2019optique de concevoir et produire des produits durables, r\u00e9utilisables et recyclables. Des contenants qui permettent d\u2019\u00e9viter le gaspillage alimentaire.<\/strong><\/strong><\/h5>\n\n\n\n<p class=\"gb-headline gb-headline-2dae5a3c gb-headline-text\">C\u2019est pourquoi le plastique ne doit pas \u00eatre diabolis\u00e9. La bonne attitude r\u00e9side plut\u00f4t dans une utilisation correcte des produits et emballages en plastique, et dans une \u00e9limination soigneuse de ceux-ci. Les citoyens et les institutions devraient se concentrer sur une v\u00e9ritable \u00ab\u00a0\u00e9conomie circulaire\u00a0\u00bb. <br><br>Conform\u00e9ment aux directives de l&rsquo;Union europ\u00e9enne, nous avons besoin d&rsquo;un engagement de plus en plus fort pour le recyclage de tous les mat\u00e9riaux et l&rsquo;utilisation de produits fabriqu\u00e9s avec des mat\u00e9riaux recycl\u00e9s. L\u2019engagement des entreprises \u00e0 utiliser des mat\u00e9riaux recycl\u00e9s doit \u00eatre renforc\u00e9; nous devons permettre aux citoyens d\u2019acc\u00e9der \u00e0 une meilleure culture dans ce domaine<br><br><\/p>\n\n<\/div><\/div>\n<\/div><\/div><\/div>\n<\/div>\n<\/div><\/div>\n\n<div class=\"gb-container gb-container-140f1e31\"><div class=\"gb-inside-container\">\n<div class=\"gb-grid-wrapper gb-grid-wrapper-f427ab0d\">\n<div class=\"gb-grid-column gb-grid-column-1acc4539\"><div class=\"gb-container gb-container-1acc4539\"><div class=\"gb-inside-container\">\n<div class=\"gb-container gb-container-cd625b78\"><div class=\"gb-inside-container\">\n\n<h2 class=\"gb-headline gb-headline-41b5001c gb-headline-text\">Am\u00e9liorer le stockage des aliments<\/h2>\n\n\n\n<h5 class=\"gb-headline gb-headline-eccd0c31 gb-headline-text\"><strong>De nombreux d\u00e9chets m\u00e9nagers organiques sont g\u00e9n\u00e9r\u00e9s par un mauvais stockage des aliments.<\/strong><\/h5>\n\n\n\n<p class=\"gb-headline gb-headline-2a854baf gb-headline-text\">Des contenants inappropri\u00e9s sont utilis\u00e9s pour stocker les aliments qui se d\u00e9t\u00e9riorent et finissent dans la poubelle. Nous gaspillons \u00e9galement toute l&rsquo;\u00e9nergie utilis\u00e9e pour produire les aliments et nous cr\u00e9ons plus de pollution pour les d\u00e9charges. <br><br>Snips fabrique des contenants qui aident \u00e0 conserver les aliments plus longtemps, en maintenant les propri\u00e9t\u00e9s nutritionnelles inchang\u00e9es. Nous veillons \u00e0 ce que moins de d\u00e9chets se traduisent par une meilleure sant\u00e9 pour la plan\u00e8te.<br><\/p>\n\n<\/div><\/div>\n<\/div><\/div><\/div>\n\n<div class=\"gb-grid-column gb-grid-column-98cffd4d\"><div class=\"gb-container gb-container-98cffd4d\"><div class=\"gb-inside-container\">\n<div class=\"wp-block-image\">\n<figure class=\"alignright size-full is-resized\"><img loading=\"lazy\" decoding=\"async\" width=\"778\" height=\"518\" src=\"https:\/\/www.snips.it\/wp-content\/uploads\/2025\/03\/AROMA-4-L1.5-L_SA-2.jpg\" alt=\"\" class=\"wp-image-37680\" style=\"width:930px;height:620px\" srcset=\"https:\/\/www.snips.it\/wp-content\/uploads\/2025\/03\/AROMA-4-L1.5-L_SA-2.jpg 778w, https:\/\/www.snips.it\/wp-content\/uploads\/2025\/03\/AROMA-4-L1.5-L_SA-2-300x200.jpg 300w, https:\/\/www.snips.it\/wp-content\/uploads\/2025\/03\/AROMA-4-L1.5-L_SA-2-768x511.jpg 768w\" sizes=\"auto, (max-width: 778px) 100vw, 778px\" \/><\/figure>\n<\/div>\n<\/div><\/div><\/div>\n<\/div>\n<\/div><\/div>\n\n<div class=\"gb-container gb-container-1c8c07a2\"><div class=\"gb-inside-container\">\n<div class=\"gb-grid-wrapper gb-grid-wrapper-e6d55959\">\n<div class=\"gb-grid-column gb-grid-column-2b153a2d\"><div class=\"gb-container gb-container-2b153a2d\"><div class=\"gb-inside-container\">\n<div class=\"wp-block-image\">\n<figure class=\"alignleft size-large\"><img loading=\"lazy\" decoding=\"async\" width=\"1024\" height=\"768\" src=\"https:\/\/www.snips.it\/wp-content\/uploads\/2021\/10\/4_0-1024x768.jpg\" alt=\"\" class=\"wp-image-947\" srcset=\"https:\/\/www.snips.it\/wp-content\/uploads\/2021\/10\/4_0-1024x768.jpg 1024w, https:\/\/www.snips.it\/wp-content\/uploads\/2021\/10\/4_0-300x225.jpg 300w, https:\/\/www.snips.it\/wp-content\/uploads\/2021\/10\/4_0-768x576.jpg 768w, https:\/\/www.snips.it\/wp-content\/uploads\/2021\/10\/4_0-1536x1152.jpg 1536w, https:\/\/www.snips.it\/wp-content\/uploads\/2021\/10\/4_0-2048x1536.jpg 2048w\" sizes=\"auto, (max-width: 1024px) 100vw, 1024px\" \/><\/figure>\n<\/div>\n<\/div><\/div><\/div>\n\n<div class=\"gb-grid-column gb-grid-column-c65b8381\"><div class=\"gb-container gb-container-c65b8381\"><div class=\"gb-inside-container\">\n<div class=\"gb-container gb-container-ab1fbd84\"><div class=\"gb-inside-container\">\n\n<h2 class=\"gb-headline gb-headline-e13af795 gb-headline-text\">Impact environnemental plus petit<\/h2>\n\n\n\n<h5 class=\"gb-headline gb-headline-a72ec76c gb-headline-text\"><strong><strong><strong>Toute la fabrication, l&rsquo;assemblage et l&#8217;emballage se font en Italie.<\/strong><\/strong><\/strong><\/h5>\n\n\n\n<p>Chaque exp\u00e9dition part de l&rsquo;usine d&rsquo;Ossago Lodigiano pour minimiser le mouvement des marchandises, garantissant ainsi un impact environnemental moindre tout au long de la cha\u00eene d&rsquo;approvisionnement. Nos installations de fabrication utilisent \u00e9galement des syst\u00e8mes \u00e0 <strong>faible<\/strong> <strong>consommation d&rsquo;\u00e9nergie<\/strong>.<\/p>\n\n<\/div><\/div>\n<\/div><\/div><\/div>\n<\/div>\n<\/div><\/div>\n<\/div><\/div>","protected":false},"excerpt":{"rendered":"<p>Durabilit\u00e9 Environnementale<\/p>\n","protected":false},"author":1,"featured_media":0,"parent":0,"menu_order":47,"comment_status":"closed","ping_status":"open","template":"","meta":{"_acf_changed":false,"footnotes":""},"class_list":{"0":"post-3085","1":"page","2":"type-page","3":"status-publish","5":"infinite-scroll-item"},"acf":[],"yoast_head":"<!-- This site is optimized with the Yoast SEO plugin v27.3 - https:\/\/yoast.com\/product\/yoast-seo-wordpress\/ -->\n<title>Durabilit\u00e9 Environnementale - Snips<\/title>\n<meta name=\"robots\" content=\"index, follow, max-snippet:-1, max-image-preview:large, max-video-preview:-1\" \/>\n<link rel=\"canonical\" href=\"https:\/\/www.snips.it\/fr\/durabilite-environnementale\/\" \/>\n<meta property=\"og:locale\" content=\"fr_FR\" \/>\n<meta property=\"og:type\" content=\"article\" \/>\n<meta property=\"og:title\" content=\"Durabilit\u00e9 Environnementale - Snips\" \/>\n<meta property=\"og:description\" content=\"Durabilit\u00e9 Environnementale\" \/>\n<meta property=\"og:url\" content=\"https:\/\/www.snips.it\/fr\/durabilite-environnementale\/\" \/>\n<meta property=\"og:site_name\" content=\"Snips\" \/>\n<meta property=\"article:modified_time\" content=\"2025-03-05T11:30:59+00:00\" \/>\n<meta property=\"og:image\" content=\"https:\/\/www.snips.it\/wp-content\/uploads\/2021\/10\/ecosostenibilita-1.jpg\" \/>\n\t<meta property=\"og:image:width\" content=\"614\" \/>\n\t<meta property=\"og:image:height\" content=\"683\" \/>\n\t<meta property=\"og:image:type\" content=\"image\/jpeg\" \/>\n<meta name=\"twitter:card\" content=\"summary_large_image\" \/>\n<meta name=\"twitter:label1\" content=\"Dur\u00e9e de lecture estim\u00e9e\" \/>\n\t<meta name=\"twitter:data1\" content=\"4 minutes\" \/>\n<script type=\"application\/ld+json\" class=\"yoast-schema-graph\">{\"@context\":\"https:\\\/\\\/schema.org\",\"@graph\":[{\"@type\":\"WebPage\",\"@id\":\"https:\\\/\\\/www.snips.it\\\/fr\\\/durabilite-environnementale\\\/\",\"url\":\"https:\\\/\\\/www.snips.it\\\/fr\\\/durabilite-environnementale\\\/\",\"name\":\"Durabilit\u00e9 Environnementale - Snips\",\"isPartOf\":{\"@id\":\"https:\\\/\\\/www.snips.it\\\/fr\\\/#website\"},\"primaryImageOfPage\":{\"@id\":\"https:\\\/\\\/www.snips.it\\\/fr\\\/durabilite-environnementale\\\/#primaryimage\"},\"image\":{\"@id\":\"https:\\\/\\\/www.snips.it\\\/fr\\\/durabilite-environnementale\\\/#primaryimage\"},\"thumbnailUrl\":\"https:\\\/\\\/www.snips.it\\\/wp-content\\\/uploads\\\/2021\\\/10\\\/ecosostenibilita-1.jpg\",\"datePublished\":\"2021-10-08T15:10:31+00:00\",\"dateModified\":\"2025-03-05T11:30:59+00:00\",\"breadcrumb\":{\"@id\":\"https:\\\/\\\/www.snips.it\\\/fr\\\/durabilite-environnementale\\\/#breadcrumb\"},\"inLanguage\":\"fr-FR\",\"potentialAction\":[{\"@type\":\"ReadAction\",\"target\":[\"https:\\\/\\\/www.snips.it\\\/fr\\\/durabilite-environnementale\\\/\"]}]},{\"@type\":\"ImageObject\",\"inLanguage\":\"fr-FR\",\"@id\":\"https:\\\/\\\/www.snips.it\\\/fr\\\/durabilite-environnementale\\\/#primaryimage\",\"url\":\"https:\\\/\\\/www.snips.it\\\/wp-content\\\/uploads\\\/2021\\\/10\\\/ecosostenibilita-1.jpg\",\"contentUrl\":\"https:\\\/\\\/www.snips.it\\\/wp-content\\\/uploads\\\/2021\\\/10\\\/ecosostenibilita-1.jpg\"},{\"@type\":\"BreadcrumbList\",\"@id\":\"https:\\\/\\\/www.snips.it\\\/fr\\\/durabilite-environnementale\\\/#breadcrumb\",\"itemListElement\":[{\"@type\":\"ListItem\",\"position\":1,\"name\":\"Home\",\"item\":\"https:\\\/\\\/www.snips.it\\\/fr\\\/\"},{\"@type\":\"ListItem\",\"position\":2,\"name\":\"Durabilit\u00e9 Environnementale\"}]},{\"@type\":\"WebSite\",\"@id\":\"https:\\\/\\\/www.snips.it\\\/fr\\\/#website\",\"url\":\"https:\\\/\\\/www.snips.it\\\/fr\\\/\",\"name\":\"Snips\",\"description\":\"Snips | Contenitori di alta qualit\u00e0 per la casa e la cucina\",\"publisher\":{\"@id\":\"https:\\\/\\\/www.snips.it\\\/fr\\\/#organization\"},\"potentialAction\":[{\"@type\":\"SearchAction\",\"target\":{\"@type\":\"EntryPoint\",\"urlTemplate\":\"https:\\\/\\\/www.snips.it\\\/fr\\\/?s={search_term_string}\"},\"query-input\":{\"@type\":\"PropertyValueSpecification\",\"valueRequired\":true,\"valueName\":\"search_term_string\"}}],\"inLanguage\":\"fr-FR\"},{\"@type\":\"Organization\",\"@id\":\"https:\\\/\\\/www.snips.it\\\/fr\\\/#organization\",\"name\":\"Snips Srl\",\"url\":\"https:\\\/\\\/www.snips.it\\\/fr\\\/\",\"logo\":{\"@type\":\"ImageObject\",\"inLanguage\":\"fr-FR\",\"@id\":\"https:\\\/\\\/www.snips.it\\\/fr\\\/#\\\/schema\\\/logo\\\/image\\\/\",\"url\":\"https:\\\/\\\/www.snips.it\\\/wp-content\\\/uploads\\\/2021\\\/10\\\/cropped-logo-5.png\",\"contentUrl\":\"https:\\\/\\\/www.snips.it\\\/wp-content\\\/uploads\\\/2021\\\/10\\\/cropped-logo-5.png\",\"width\":110,\"height\":66,\"caption\":\"Snips Srl\"},\"image\":{\"@id\":\"https:\\\/\\\/www.snips.it\\\/fr\\\/#\\\/schema\\\/logo\\\/image\\\/\"}}]}<\/script>\n<!-- \/ Yoast SEO plugin. -->","yoast_head_json":{"title":"Durabilit\u00e9 Environnementale - Snips","robots":{"index":"index","follow":"follow","max-snippet":"max-snippet:-1","max-image-preview":"max-image-preview:large","max-video-preview":"max-video-preview:-1"},"canonical":"https:\/\/www.snips.it\/fr\/durabilite-environnementale\/","og_locale":"fr_FR","og_type":"article","og_title":"Durabilit\u00e9 Environnementale - Snips","og_description":"Durabilit\u00e9 Environnementale","og_url":"https:\/\/www.snips.it\/fr\/durabilite-environnementale\/","og_site_name":"Snips","article_modified_time":"2025-03-05T11:30:59+00:00","og_image":[{"width":614,"height":683,"url":"https:\/\/www.snips.it\/wp-content\/uploads\/2021\/10\/ecosostenibilita-1.jpg","type":"image\/jpeg"}],"twitter_card":"summary_large_image","twitter_misc":{"Dur\u00e9e de lecture estim\u00e9e":"4 minutes"},"schema":{"@context":"https:\/\/schema.org","@graph":[{"@type":"WebPage","@id":"https:\/\/www.snips.it\/fr\/durabilite-environnementale\/","url":"https:\/\/www.snips.it\/fr\/durabilite-environnementale\/","name":"Durabilit\u00e9 Environnementale - Snips","isPartOf":{"@id":"https:\/\/www.snips.it\/fr\/#website"},"primaryImageOfPage":{"@id":"https:\/\/www.snips.it\/fr\/durabilite-environnementale\/#primaryimage"},"image":{"@id":"https:\/\/www.snips.it\/fr\/durabilite-environnementale\/#primaryimage"},"thumbnailUrl":"https:\/\/www.snips.it\/wp-content\/uploads\/2021\/10\/ecosostenibilita-1.jpg","datePublished":"2021-10-08T15:10:31+00:00","dateModified":"2025-03-05T11:30:59+00:00","breadcrumb":{"@id":"https:\/\/www.snips.it\/fr\/durabilite-environnementale\/#breadcrumb"},"inLanguage":"fr-FR","potentialAction":[{"@type":"ReadAction","target":["https:\/\/www.snips.it\/fr\/durabilite-environnementale\/"]}]},{"@type":"ImageObject","inLanguage":"fr-FR","@id":"https:\/\/www.snips.it\/fr\/durabilite-environnementale\/#primaryimage","url":"https:\/\/www.snips.it\/wp-content\/uploads\/2021\/10\/ecosostenibilita-1.jpg","contentUrl":"https:\/\/www.snips.it\/wp-content\/uploads\/2021\/10\/ecosostenibilita-1.jpg"},{"@type":"BreadcrumbList","@id":"https:\/\/www.snips.it\/fr\/durabilite-environnementale\/#breadcrumb","itemListElement":[{"@type":"ListItem","position":1,"name":"Home","item":"https:\/\/www.snips.it\/fr\/"},{"@type":"ListItem","position":2,"name":"Durabilit\u00e9 Environnementale"}]},{"@type":"WebSite","@id":"https:\/\/www.snips.it\/fr\/#website","url":"https:\/\/www.snips.it\/fr\/","name":"Snips","description":"Snips | Contenitori di alta qualit\u00e0 per la casa e la cucina","publisher":{"@id":"https:\/\/www.snips.it\/fr\/#organization"},"potentialAction":[{"@type":"SearchAction","target":{"@type":"EntryPoint","urlTemplate":"https:\/\/www.snips.it\/fr\/?s={search_term_string}"},"query-input":{"@type":"PropertyValueSpecification","valueRequired":true,"valueName":"search_term_string"}}],"inLanguage":"fr-FR"},{"@type":"Organization","@id":"https:\/\/www.snips.it\/fr\/#organization","name":"Snips Srl","url":"https:\/\/www.snips.it\/fr\/","logo":{"@type":"ImageObject","inLanguage":"fr-FR","@id":"https:\/\/www.snips.it\/fr\/#\/schema\/logo\/image\/","url":"https:\/\/www.snips.it\/wp-content\/uploads\/2021\/10\/cropped-logo-5.png","contentUrl":"https:\/\/www.snips.it\/wp-content\/uploads\/2021\/10\/cropped-logo-5.png","width":110,"height":66,"caption":"Snips Srl"},"image":{"@id":"https:\/\/www.snips.it\/fr\/#\/schema\/logo\/image\/"}}]}},"_links":{"self":[{"href":"https:\/\/www.snips.it\/fr\/wp-json\/wp\/v2\/pages\/3085","targetHints":{"allow":["GET"]}}],"collection":[{"href":"https:\/\/www.snips.it\/fr\/wp-json\/wp\/v2\/pages"}],"about":[{"href":"https:\/\/www.snips.it\/fr\/wp-json\/wp\/v2\/types\/page"}],"author":[{"embeddable":true,"href":"https:\/\/www.snips.it\/fr\/wp-json\/wp\/v2\/users\/1"}],"replies":[{"embeddable":true,"href":"https:\/\/www.snips.it\/fr\/wp-json\/wp\/v2\/comments?post=3085"}],"version-history":[{"count":17,"href":"https:\/\/www.snips.it\/fr\/wp-json\/wp\/v2\/pages\/3085\/revisions"}],"predecessor-version":[{"id":37685,"href":"https:\/\/www.snips.it\/fr\/wp-json\/wp\/v2\/pages\/3085\/revisions\/37685"}],"wp:attachment":[{"href":"https:\/\/www.snips.it\/fr\/wp-json\/wp\/v2\/media?parent=3085"}],"curies":[{"name":"wp","href":"https:\/\/api.w.org\/{rel}","templated":true}]}}