{"id":3081,"date":"2021-10-08T16:13:42","date_gmt":"2021-10-08T14:13:42","guid":{"rendered":"https:\/\/www.snips.it\/chi-siamo\/"},"modified":"2025-05-12T14:56:28","modified_gmt":"2025-05-12T12:56:28","slug":"qui-nous-sommes","status":"publish","type":"page","link":"https:\/\/www.snips.it\/fr\/qui-nous-sommes\/","title":{"rendered":"Qui nous sommes"},"content":{"rendered":"<div class=\"gb-container gb-container-8581e982\"><div class=\"gb-inside-container\">\n\n<h1 class=\"gb-headline gb-headline-109c04ad gb-headline-text\">Qui nous sommes<\/h1>\n\n<\/div><\/div>\n\n<div class=\"gb-container gb-container-7cacc2db\"><div class=\"gb-inside-container\">\n<div class=\"gb-grid-wrapper gb-grid-wrapper-abd420e8\">\n<div class=\"gb-grid-column gb-grid-column-fec45398\"><div class=\"gb-container gb-container-fec45398\"><div class=\"gb-inside-container\">\n\n<h2 class=\"gb-headline gb-headline-4e9a6173 gb-headline-text\">NOTRE HISTOIRE<\/h2>\n\n\n\n<p class=\"gb-headline gb-headline-af5512c9 gb-headline-text\">En 1973, un d\u00e9but bouleversant.<br>L&rsquo;histoire de l&rsquo;entreprise a commenc\u00e9 il y a plus de quarante-cinq ans avec le \u00ab ph\u00e9nom\u00e8ne \u00bb des ciseaux Snips. C&rsquo;\u00e9tait un produit si r\u00e9ussi et si chanceux que la soci\u00e9t\u00e9 en a pris le nom: \u00ab\u00a0Snips\u00a0\u00bb.<br>Un d\u00e9but mouvement\u00e9 gr\u00e2ce \u00e0 la pr\u00e9voyance de Giuseppe Piacenza qui, en 1973, d\u00e9couvrit le produit en Nouvelle-Z\u00e9lande, acquit l&rsquo;exclusivit\u00e9 mondiale, en fit sa production sous la marque Snips.&nbsp;Plus de 10 millions de pi\u00e8ces ont \u00e9t\u00e9 vendues en Italie puis dans le monde entier.<br>La fonctionnalit\u00e9, l&rsquo;aspect pratique, la qualit\u00e9, la conception, la s\u00e9curit\u00e9 et un co\u00fbt raisonnable ont \u00e9t\u00e9 les facteurs de r\u00e9ussite. Les ciseaux Snips \u00e9taient capables de couper vraiment tout, m\u00eame les m\u00e9taux fins mais, gr\u00e2ce \u00e0 une conformation particuli\u00e8re des lames, pas les doigts.<\/p>\n\n<\/div><\/div><\/div>\n\n<div class=\"gb-grid-column gb-grid-column-2f36cd85\"><div class=\"gb-container gb-container-2f36cd85\"><div class=\"gb-inside-container\">\n<div class=\"wp-block-image\">\n<figure class=\"aligncenter size-full\"><img loading=\"lazy\" decoding=\"async\" width=\"378\" height=\"376\" src=\"https:\/\/www.snips.it\/wp-content\/uploads\/2021\/10\/azienda.jpg\" alt=\"\" class=\"wp-image-951\" srcset=\"https:\/\/www.snips.it\/wp-content\/uploads\/2021\/10\/azienda.jpg 378w, https:\/\/www.snips.it\/wp-content\/uploads\/2021\/10\/azienda-300x298.jpg 300w, https:\/\/www.snips.it\/wp-content\/uploads\/2021\/10\/azienda-150x150.jpg 150w\" sizes=\"auto, (max-width: 378px) 100vw, 378px\" \/><\/figure>\n<\/div>\n<\/div><\/div><\/div>\n<\/div>\n\n\n<p>La fonctionnalit\u00e9, l&rsquo;aspect pratique, la qualit\u00e9, la conception, la s\u00e9curit\u00e9 et un co\u00fbt raisonnable ont \u00e9t\u00e9 les facteurs de r\u00e9ussite. Les ciseaux Snips \u00e9taient capables de couper la plupart des mati\u00e8res, m\u00eame les m\u00e9taux fins, gr\u00e2ce \u00e0 une conformation particuli\u00e8re des lames.<br>Ce grand succ\u00e8s a impos\u00e9 les bases de l&rsquo;image et du prestige de la marque Snips qui, aujourd&rsquo;hui comme alors, joue un r\u00f4le tr\u00e8s important sur le march\u00e9 et dans les grandes surfaces.<\/p>\n\n<\/div><\/div>\n\n<div class=\"gb-container gb-container-f1465a75\"><div class=\"gb-inside-container\">\n<div id=\"snips_accordion-block_ee94ee7ddd82b6f5b9b55cef02af663d\" class=\"snips_accordions_wrapper snips_accordions\" >\r\n    <div class=\"container\">\r\n    <div class=\"row  block_ee94ee7ddd82b6f5b9b55cef02af663d\">\r\n        <div class=\"col-md-12\">  \r\n        <div class=\"accordion\" id=\"a_faqs\">                            <div class=\"faq-card\" id=\"heading-1\">\r\n                                <div class=\"faq-card-header\" data-toggle=\"collapse\" data-target=\"#collapse-1\" aria-expanded=\"false\" aria-controls=\"collapse-1\">\r\n                                    <a class=\"btn btn-link faq-button\" >\r\n                                                NOTRE MISSION                                    <\/a>   \r\n                                <\/div>\r\n                                <div id=\"collapse-1\" class=\"collapse\" aria-labelledby=\"heading-1\" data-parent=\"#a_faqs\">\r\n                                <div class=\"faq-card-body\">\r\n                                    <div class=\"row\">\r\n                                        <div class=\"col-md-3\"> <img decoding=\"async\" src=\"https:\/\/www.snips.it\/wp-content\/uploads\/2023\/02\/INTRO-MICROONDE-PROSPETTIVA-1.jpg\"><\/div>\r\n                                        <div class=\"col-md-9\"><p><strong>Toujours une MISSION<br \/>\n<\/strong><br \/>\nSnips est convaincu que l&rsquo;introduction de petites am\u00e9liorations dans le quotidien devient b\u00e9n\u00e9fique, se multipliant avec le temps et am\u00e9liorant la vie des personnes.<\/p>\n<p>Snips anticipe les besoins des consommateurs en offrant des produits qui r\u00e9solvent des probl\u00e8mes\/facilitent leur quotidien avec une touche d&rsquo;ironie, de fra\u00eecheur et d&rsquo;originalit\u00e9 dans leur conception, augmentant la valeur marchande avec des articles innovants, fiables, de haute qualit\u00e9 tout en ayant une prestation de services de qualit\u00e9.<\/p>\n<\/div>\r\n                                      <\/div>\r\n                                <\/div>\r\n                                <\/div>\r\n                            <\/div>\r\n                                                        <div class=\"faq-card\" id=\"heading-2\">\r\n                                <div class=\"faq-card-header\" data-toggle=\"collapse\" data-target=\"#collapse-2\" aria-expanded=\"false\" aria-controls=\"collapse-2\">\r\n                                    <a class=\"btn btn-link faq-button\" >\r\n                                                100% MADE IN ITALY                                    <\/a>   \r\n                                <\/div>\r\n                                <div id=\"collapse-2\" class=\"collapse\" aria-labelledby=\"heading-2\" data-parent=\"#a_faqs\">\r\n                                <div class=\"faq-card-body\">\r\n                                    <div class=\"row\">\r\n                                        <div class=\"col-md-3\"> <img decoding=\"async\" src=\"https:\/\/www.snips.it\/wp-content\/uploads\/2021\/11\/1-1.jpg\"><\/div>\r\n                                        <div class=\"col-md-9\"><p>Snips r\u00eave, con\u00e7oit et produit tout en Italie, encore aujourd&rsquo;hui le meilleur endroit au monde pour obtenir une qualit\u00e9 maximale sur tous les aspects d&rsquo;un produit, \u00e0 chaque phase de production : cr\u00e9ativit\u00e9, innovation, technologie, valeurs esth\u00e9tiques, 100% Made in Italy. C&rsquo;est l&rsquo;engagement de deux g\u00e9n\u00e9rations de la famille Piacenza qui garantit tout cela.<\/p>\n<\/div>\r\n                                      <\/div>\r\n                                <\/div>\r\n                                <\/div>\r\n                            <\/div>\r\n                                                        <div class=\"faq-card\" id=\"heading-3\">\r\n                                <div class=\"faq-card-header\" data-toggle=\"collapse\" data-target=\"#collapse-3\" aria-expanded=\"false\" aria-controls=\"collapse-3\">\r\n                                    <a class=\"btn btn-link faq-button\" >\r\n                                                RECHERCHE ET D\u00c9VELOPPEMENT                                    <\/a>   \r\n                                <\/div>\r\n                                <div id=\"collapse-3\" class=\"collapse\" aria-labelledby=\"heading-3\" data-parent=\"#a_faqs\">\r\n                                <div class=\"faq-card-body\">\r\n                                    <div class=\"row\">\r\n                                        <div class=\"col-md-3\"> <img decoding=\"async\" src=\"https:\/\/www.snips.it\/wp-content\/uploads\/2025\/03\/RIORDINELLO_Ambientata-orizzontale-1.jpg\"><\/div>\r\n                                        <div class=\"col-md-9\"><p><strong>Recherche et d\u00e9veloppement: un processus quotidien<\/strong><\/p>\n<p>Am\u00e9liorer la fonctionnalit\u00e9 des produits en essayant d&rsquo;interpr\u00e9ter et d&rsquo;anticiper les besoins des march\u00e9s et des consommateurs.<\/p>\n<p>La politique d&rsquo;innovation constante de Snips a conduit \u00e0 l&rsquo;adoption de la technologie IML (In-Mold Labeling) qui permet une application pr\u00e9cise d&rsquo;un d\u00e9cor photographique, donnant \u00e0 un produit un aspect captivant et permettant une reconnaissance instantan\u00e9e de la fonction pour laquelle l&rsquo;objet est utilis\u00e9.<\/p>\n<p>La volont\u00e9 constante d\u2019un design raffin\u00e9, la tendance vers des produits durables et hautement fonctionnels, nous am\u00e8nent \u00e0 rechercher continuellement de nouveaux mat\u00e9riaux et de nouveaux processus. Par exemple, la technique de moulage par injection bi \/ tri-composants. Gr\u00e2ce \u00e0 cette technique, deux mat\u00e9riaux diff\u00e9rents sont moul\u00e9s ensemble dans le m\u00eame cycle de production pour la construction de d\u00e9tails complexes.<\/p>\n<\/div>\r\n                                      <\/div>\r\n                                <\/div>\r\n                                <\/div>\r\n                            <\/div>\r\n                                                        <div class=\"faq-card\" id=\"heading-4\">\r\n                                <div class=\"faq-card-header\" data-toggle=\"collapse\" data-target=\"#collapse-4\" aria-expanded=\"false\" aria-controls=\"collapse-4\">\r\n                                    <a class=\"btn btn-link faq-button\" >\r\n                                                NOS CERTIFICATIONS                                    <\/a>   \r\n                                <\/div>\r\n                                <div id=\"collapse-4\" class=\"collapse\" aria-labelledby=\"heading-4\" data-parent=\"#a_faqs\">\r\n                                <div class=\"faq-card-body\">\r\n                                    <div class=\"row\">\r\n                                        <div class=\"col-md-3\"> <img decoding=\"async\" src=\"https:\/\/www.snips.it\/wp-content\/uploads\/2021\/11\/TUVRLOGO_1EN_RGB.jpg\"><\/div>\r\n                                        <div class=\"col-md-9\"><p><strong>Nos certifications: La s\u00e9curit\u00e9 de nos clients!<\/strong><\/p>\n<p>SNIPS a obtenu sa certification de syst\u00e8me de gestion de la qualit\u00e9 selon la norme ISO 9001:20015 du T\u00dcV Rheinland.<\/p>\n<p>Tous les articles de Snips S.r.l certifi\u00e9s Contact Alimentaire sont conformes aux exigences de:<\/p>\n<ul>\n<li>R\u00e8glement (CE) n \u00b0 10\/2011;<\/li>\n<li><span lang=\"EN-GB\" xml:lang=\"EN-GB\">Articles 3, 11 (5), 15 et 17 du r\u00e8glement (CE) n \u00b0 1935\/2004;<\/span><\/li>\n<li><span lang=\"DE\" xml:lang=\"DE\">\u00a7\u00a7 30 et 31 LFGB et Bedarfsgegenst\u00e4ndeverordnung Allemande;<\/span><\/li>\n<li>California Proposition 65;<\/li>\n<\/ul>\n<p>La concentration de la migration globale (OML) et des migrations sp\u00e9cifiques (SML) de l&rsquo;article est inf\u00e9rieure \u00e0 la valeur limite concernant le r\u00e8glement (CE) n \u00b0 10\/2011.<\/p>\n<p>Les produits et mat\u00e9riaux utilis\u00e9s sont conformes au r\u00e8glement (CE) n \u00b0 10\/2011 et \u00e0 la Bedarfsgegenst\u00e4ndeverordnung allemande.<\/p>\n<p><a href=\"https:\/\/www.snips.it\/wp-content\/uploads\/2024\/09\/Snips-SRL-EN-ISO-9001-2015-Certificate-39_00_1171705.pdf\" target=\"_blank\" rel=\"noopener\">Certificate ISO:9001<\/a><\/p>\n<\/div>\r\n                                      <\/div>\r\n                                <\/div>\r\n                                <\/div>\r\n                            <\/div>\r\n                                                        <div class=\"faq-card\" id=\"heading-5\">\r\n                                <div class=\"faq-card-header\" data-toggle=\"collapse\" data-target=\"#collapse-5\" aria-expanded=\"false\" aria-controls=\"collapse-5\">\r\n                                    <a class=\"btn btn-link faq-button\" >\r\n                                                S\u00c9CURIT\u00c9 DES MAT\u00c9RIAUX                                    <\/a>   \r\n                                <\/div>\r\n                                <div id=\"collapse-5\" class=\"collapse\" aria-labelledby=\"heading-5\" data-parent=\"#a_faqs\">\r\n                                <div class=\"faq-card-body\">\r\n                                    <div class=\"row\">\r\n                                        <div class=\"col-md-3\"> <img decoding=\"async\" src=\"https:\/\/www.snips.it\/wp-content\/uploads\/2025\/03\/Aroma-1.5-L_senape_AMB.jpg\"><\/div>\r\n                                        <div class=\"col-md-9\"><p><strong>S\u00e9curit\u00e9 des mat\u00e9riaux: Recherche de mati\u00e8res premi\u00e8res de qualit\u00e9<\/strong><\/p>\n<p>Toutes les indications n\u00e9cessaires pour une utilisation et un traitement corrects et s\u00fbrs des mat\u00e9riaux sont clairement indiqu\u00e9es sur les produits, ce qui garantit la long\u00e9vit\u00e9 et l\u2019efficacit\u00e9 des produits Snips.<\/p>\n<p>Toutes les mati\u00e8res plastiques que nous utilisons pour notre production sont certifi\u00e9es et nos produits sont test\u00e9s par Hansecontrol Hamburg et T\u00dcV Rheinland, selon les meilleures normes de contact alimentaire et les exigences sp\u00e9cifiques des clients.<\/p>\n<p>Les mati\u00e8res premi\u00e8res de qualit\u00e9 absolue nous garantissent un produit fait pour durer dans le temps, sans d\u00e9formation des formes et des d\u00e9corations, sans d\u00e9gagement de substances toxiques dans les aliments et les boissons. Ce sont des garanties que nous voulons donner \u00e0 ceux qui utilisent nos produits au quotidien.<\/p>\n<\/div>\r\n                                      <\/div>\r\n                                <\/div>\r\n                                <\/div>\r\n                            <\/div>\r\n                            <\/div>        <\/div>\r\n    <\/div>\r\n<\/div>\r\n\n<\/div><\/div>","protected":false},"excerpt":{"rendered":"<p>Qui nous sommes La fonctionnalit\u00e9, l&rsquo;aspect pratique, la qualit\u00e9, la conception, la s\u00e9curit\u00e9 et un co\u00fbt raisonnable ont \u00e9t\u00e9 les facteurs de r\u00e9ussite. Les ciseaux Snips \u00e9taient capables de couper la plupart des mati\u00e8res, m\u00eame les m\u00e9taux fins, gr\u00e2ce \u00e0 une conformation particuli\u00e8re des lames.Ce grand succ\u00e8s a impos\u00e9 les bases de l&rsquo;image et du &#8230; <a title=\"Qui nous sommes\" class=\"read-more\" href=\"https:\/\/www.snips.it\/fr\/qui-nous-sommes\/\" aria-label=\"En savoir plus sur Qui nous sommes\">Lire plus<\/a><\/p>\n","protected":false},"author":1,"featured_media":0,"parent":0,"menu_order":29,"comment_status":"closed","ping_status":"open","template":"","meta":{"_acf_changed":false,"footnotes":""},"class_list":{"0":"post-3081","1":"page","2":"type-page","3":"status-publish","5":"infinite-scroll-item"},"acf":[],"yoast_head":"<!-- This site is optimized with the Yoast SEO plugin v27.3 - https:\/\/yoast.com\/product\/yoast-seo-wordpress\/ -->\n<title>Qui nous sommes - Snips<\/title>\n<meta name=\"robots\" content=\"index, follow, max-snippet:-1, max-image-preview:large, max-video-preview:-1\" \/>\n<link rel=\"canonical\" href=\"https:\/\/www.snips.it\/fr\/qui-nous-sommes\/\" \/>\n<meta property=\"og:locale\" content=\"fr_FR\" \/>\n<meta property=\"og:type\" content=\"article\" \/>\n<meta property=\"og:title\" content=\"Qui nous sommes - Snips\" \/>\n<meta property=\"og:description\" content=\"Qui nous sommes La fonctionnalit\u00e9, l&rsquo;aspect pratique, la qualit\u00e9, la conception, la s\u00e9curit\u00e9 et un co\u00fbt raisonnable ont \u00e9t\u00e9 les facteurs de r\u00e9ussite. Les ciseaux Snips \u00e9taient capables de couper la plupart des mati\u00e8res, m\u00eame les m\u00e9taux fins, gr\u00e2ce \u00e0 une conformation particuli\u00e8re des lames.Ce grand succ\u00e8s a impos\u00e9 les bases de l&rsquo;image et du ... Lire plus\" \/>\n<meta property=\"og:url\" content=\"https:\/\/www.snips.it\/fr\/qui-nous-sommes\/\" \/>\n<meta property=\"og:site_name\" content=\"Snips\" \/>\n<meta property=\"article:modified_time\" content=\"2025-05-12T12:56:28+00:00\" \/>\n<meta property=\"og:image\" content=\"https:\/\/www.snips.it\/wp-content\/uploads\/2021\/10\/azienda.jpg\" \/>\n\t<meta property=\"og:image:width\" content=\"378\" \/>\n\t<meta property=\"og:image:height\" content=\"376\" \/>\n\t<meta property=\"og:image:type\" content=\"image\/jpeg\" \/>\n<meta name=\"twitter:card\" content=\"summary_large_image\" \/>\n<meta name=\"twitter:label1\" content=\"Dur\u00e9e de lecture estim\u00e9e\" \/>\n\t<meta name=\"twitter:data1\" content=\"2 minutes\" \/>\n<script type=\"application\/ld+json\" class=\"yoast-schema-graph\">{\"@context\":\"https:\\\/\\\/schema.org\",\"@graph\":[{\"@type\":\"WebPage\",\"@id\":\"https:\\\/\\\/www.snips.it\\\/fr\\\/qui-nous-sommes\\\/\",\"url\":\"https:\\\/\\\/www.snips.it\\\/fr\\\/qui-nous-sommes\\\/\",\"name\":\"Qui nous sommes - Snips\",\"isPartOf\":{\"@id\":\"https:\\\/\\\/www.snips.it\\\/fr\\\/#website\"},\"primaryImageOfPage\":{\"@id\":\"https:\\\/\\\/www.snips.it\\\/fr\\\/qui-nous-sommes\\\/#primaryimage\"},\"image\":{\"@id\":\"https:\\\/\\\/www.snips.it\\\/fr\\\/qui-nous-sommes\\\/#primaryimage\"},\"thumbnailUrl\":\"https:\\\/\\\/www.snips.it\\\/wp-content\\\/uploads\\\/2021\\\/10\\\/azienda.jpg\",\"datePublished\":\"2021-10-08T14:13:42+00:00\",\"dateModified\":\"2025-05-12T12:56:28+00:00\",\"breadcrumb\":{\"@id\":\"https:\\\/\\\/www.snips.it\\\/fr\\\/qui-nous-sommes\\\/#breadcrumb\"},\"inLanguage\":\"fr-FR\",\"potentialAction\":[{\"@type\":\"ReadAction\",\"target\":[\"https:\\\/\\\/www.snips.it\\\/fr\\\/qui-nous-sommes\\\/\"]}]},{\"@type\":\"ImageObject\",\"inLanguage\":\"fr-FR\",\"@id\":\"https:\\\/\\\/www.snips.it\\\/fr\\\/qui-nous-sommes\\\/#primaryimage\",\"url\":\"https:\\\/\\\/www.snips.it\\\/wp-content\\\/uploads\\\/2021\\\/10\\\/azienda.jpg\",\"contentUrl\":\"https:\\\/\\\/www.snips.it\\\/wp-content\\\/uploads\\\/2021\\\/10\\\/azienda.jpg\"},{\"@type\":\"BreadcrumbList\",\"@id\":\"https:\\\/\\\/www.snips.it\\\/fr\\\/qui-nous-sommes\\\/#breadcrumb\",\"itemListElement\":[{\"@type\":\"ListItem\",\"position\":1,\"name\":\"Home\",\"item\":\"https:\\\/\\\/www.snips.it\\\/fr\\\/\"},{\"@type\":\"ListItem\",\"position\":2,\"name\":\"Qui nous sommes\"}]},{\"@type\":\"WebSite\",\"@id\":\"https:\\\/\\\/www.snips.it\\\/fr\\\/#website\",\"url\":\"https:\\\/\\\/www.snips.it\\\/fr\\\/\",\"name\":\"Snips\",\"description\":\"Snips | Contenitori di alta qualit\u00e0 per la casa e la cucina\",\"publisher\":{\"@id\":\"https:\\\/\\\/www.snips.it\\\/fr\\\/#organization\"},\"potentialAction\":[{\"@type\":\"SearchAction\",\"target\":{\"@type\":\"EntryPoint\",\"urlTemplate\":\"https:\\\/\\\/www.snips.it\\\/fr\\\/?s={search_term_string}\"},\"query-input\":{\"@type\":\"PropertyValueSpecification\",\"valueRequired\":true,\"valueName\":\"search_term_string\"}}],\"inLanguage\":\"fr-FR\"},{\"@type\":\"Organization\",\"@id\":\"https:\\\/\\\/www.snips.it\\\/fr\\\/#organization\",\"name\":\"Snips Srl\",\"url\":\"https:\\\/\\\/www.snips.it\\\/fr\\\/\",\"logo\":{\"@type\":\"ImageObject\",\"inLanguage\":\"fr-FR\",\"@id\":\"https:\\\/\\\/www.snips.it\\\/fr\\\/#\\\/schema\\\/logo\\\/image\\\/\",\"url\":\"https:\\\/\\\/www.snips.it\\\/wp-content\\\/uploads\\\/2021\\\/10\\\/cropped-logo-5.png\",\"contentUrl\":\"https:\\\/\\\/www.snips.it\\\/wp-content\\\/uploads\\\/2021\\\/10\\\/cropped-logo-5.png\",\"width\":110,\"height\":66,\"caption\":\"Snips Srl\"},\"image\":{\"@id\":\"https:\\\/\\\/www.snips.it\\\/fr\\\/#\\\/schema\\\/logo\\\/image\\\/\"}}]}<\/script>\n<!-- \/ Yoast SEO plugin. -->","yoast_head_json":{"title":"Qui nous sommes - Snips","robots":{"index":"index","follow":"follow","max-snippet":"max-snippet:-1","max-image-preview":"max-image-preview:large","max-video-preview":"max-video-preview:-1"},"canonical":"https:\/\/www.snips.it\/fr\/qui-nous-sommes\/","og_locale":"fr_FR","og_type":"article","og_title":"Qui nous sommes - Snips","og_description":"Qui nous sommes La fonctionnalit\u00e9, l&rsquo;aspect pratique, la qualit\u00e9, la conception, la s\u00e9curit\u00e9 et un co\u00fbt raisonnable ont \u00e9t\u00e9 les facteurs de r\u00e9ussite. Les ciseaux Snips \u00e9taient capables de couper la plupart des mati\u00e8res, m\u00eame les m\u00e9taux fins, gr\u00e2ce \u00e0 une conformation particuli\u00e8re des lames.Ce grand succ\u00e8s a impos\u00e9 les bases de l&rsquo;image et du ... Lire plus","og_url":"https:\/\/www.snips.it\/fr\/qui-nous-sommes\/","og_site_name":"Snips","article_modified_time":"2025-05-12T12:56:28+00:00","og_image":[{"width":378,"height":376,"url":"https:\/\/www.snips.it\/wp-content\/uploads\/2021\/10\/azienda.jpg","type":"image\/jpeg"}],"twitter_card":"summary_large_image","twitter_misc":{"Dur\u00e9e de lecture estim\u00e9e":"2 minutes"},"schema":{"@context":"https:\/\/schema.org","@graph":[{"@type":"WebPage","@id":"https:\/\/www.snips.it\/fr\/qui-nous-sommes\/","url":"https:\/\/www.snips.it\/fr\/qui-nous-sommes\/","name":"Qui nous sommes - Snips","isPartOf":{"@id":"https:\/\/www.snips.it\/fr\/#website"},"primaryImageOfPage":{"@id":"https:\/\/www.snips.it\/fr\/qui-nous-sommes\/#primaryimage"},"image":{"@id":"https:\/\/www.snips.it\/fr\/qui-nous-sommes\/#primaryimage"},"thumbnailUrl":"https:\/\/www.snips.it\/wp-content\/uploads\/2021\/10\/azienda.jpg","datePublished":"2021-10-08T14:13:42+00:00","dateModified":"2025-05-12T12:56:28+00:00","breadcrumb":{"@id":"https:\/\/www.snips.it\/fr\/qui-nous-sommes\/#breadcrumb"},"inLanguage":"fr-FR","potentialAction":[{"@type":"ReadAction","target":["https:\/\/www.snips.it\/fr\/qui-nous-sommes\/"]}]},{"@type":"ImageObject","inLanguage":"fr-FR","@id":"https:\/\/www.snips.it\/fr\/qui-nous-sommes\/#primaryimage","url":"https:\/\/www.snips.it\/wp-content\/uploads\/2021\/10\/azienda.jpg","contentUrl":"https:\/\/www.snips.it\/wp-content\/uploads\/2021\/10\/azienda.jpg"},{"@type":"BreadcrumbList","@id":"https:\/\/www.snips.it\/fr\/qui-nous-sommes\/#breadcrumb","itemListElement":[{"@type":"ListItem","position":1,"name":"Home","item":"https:\/\/www.snips.it\/fr\/"},{"@type":"ListItem","position":2,"name":"Qui nous sommes"}]},{"@type":"WebSite","@id":"https:\/\/www.snips.it\/fr\/#website","url":"https:\/\/www.snips.it\/fr\/","name":"Snips","description":"Snips | Contenitori di alta qualit\u00e0 per la casa e la cucina","publisher":{"@id":"https:\/\/www.snips.it\/fr\/#organization"},"potentialAction":[{"@type":"SearchAction","target":{"@type":"EntryPoint","urlTemplate":"https:\/\/www.snips.it\/fr\/?s={search_term_string}"},"query-input":{"@type":"PropertyValueSpecification","valueRequired":true,"valueName":"search_term_string"}}],"inLanguage":"fr-FR"},{"@type":"Organization","@id":"https:\/\/www.snips.it\/fr\/#organization","name":"Snips Srl","url":"https:\/\/www.snips.it\/fr\/","logo":{"@type":"ImageObject","inLanguage":"fr-FR","@id":"https:\/\/www.snips.it\/fr\/#\/schema\/logo\/image\/","url":"https:\/\/www.snips.it\/wp-content\/uploads\/2021\/10\/cropped-logo-5.png","contentUrl":"https:\/\/www.snips.it\/wp-content\/uploads\/2021\/10\/cropped-logo-5.png","width":110,"height":66,"caption":"Snips Srl"},"image":{"@id":"https:\/\/www.snips.it\/fr\/#\/schema\/logo\/image\/"}}]}},"_links":{"self":[{"href":"https:\/\/www.snips.it\/fr\/wp-json\/wp\/v2\/pages\/3081","targetHints":{"allow":["GET"]}}],"collection":[{"href":"https:\/\/www.snips.it\/fr\/wp-json\/wp\/v2\/pages"}],"about":[{"href":"https:\/\/www.snips.it\/fr\/wp-json\/wp\/v2\/types\/page"}],"author":[{"embeddable":true,"href":"https:\/\/www.snips.it\/fr\/wp-json\/wp\/v2\/users\/1"}],"replies":[{"embeddable":true,"href":"https:\/\/www.snips.it\/fr\/wp-json\/wp\/v2\/comments?post=3081"}],"version-history":[{"count":36,"href":"https:\/\/www.snips.it\/fr\/wp-json\/wp\/v2\/pages\/3081\/revisions"}],"predecessor-version":[{"id":38669,"href":"https:\/\/www.snips.it\/fr\/wp-json\/wp\/v2\/pages\/3081\/revisions\/38669"}],"wp:attachment":[{"href":"https:\/\/www.snips.it\/fr\/wp-json\/wp\/v2\/media?parent=3081"}],"curies":[{"name":"wp","href":"https:\/\/api.w.org\/{rel}","templated":true}]}}