{"id":3121,"date":"2021-10-13T10:50:21","date_gmt":"2021-10-13T08:50:21","guid":{"rendered":"https:\/\/www.snips.it\/come-trovarci\/"},"modified":"2024-10-14T15:23:21","modified_gmt":"2024-10-14T13:23:21","slug":"wie-man-uns-findet","status":"publish","type":"page","link":"https:\/\/www.snips.it\/de\/wie-man-uns-findet\/","title":{"rendered":"Wie man uns findet"},"content":{"rendered":"<div class=\"gb-container gb-container-e2d95b2b\"><div class=\"gb-inside-container\">\n\n<h1 class=\"gb-headline gb-headline-079e988e gb-headline-text\">Wie man uns findet<\/h1>\n\n<\/div><\/div>\n\n<div class=\"gb-container gb-container-5181c98e\"><div class=\"gb-inside-container\">\n<div class=\"gb-container gb-container-220f4825\"><div class=\"gb-inside-container\">\n<div id=\"qrlegno_snips-headline-block_c58320c212f3e97ab339de0840bfb4f9\" class=\"qrlegno_headline_wrapper  qrlegno_snips-headlines flag\" >\r\n   <div class=\"headline_home row block_c58320c212f3e97ab339de0840bfb4f9\">\r\n\r\n<h2 class=\"block-title\"><span class=\"last\"><\/span>\r\n\tWo finden Sie Snips-Produkte<\/h2>\r\n\r\n\r\n   \t <\/div><!-- .block -->\r\n<\/div><!-- .blocks -->  \r\n\n<\/div><\/div>\n\n<div class=\"gb-grid-wrapper gb-grid-wrapper-7b14527a\">\n<div class=\"gb-grid-column gb-grid-column-2e93abb2\"><div class=\"gb-container gb-container-2e93abb2\"><div class=\"gb-inside-container\">\n\n<h6 class=\"gb-headline gb-headline-41fba3bb gb-headline-text\">ACQUA &amp; SAPONE<br>BENNET<br>CENTER CASA<br>CONAD<br>COOP<br>DECO\u2019<\/h6>\n\n<\/div><\/div><\/div>\n\n<div class=\"gb-grid-column gb-grid-column-bf738f7e\"><div class=\"gb-container gb-container-bf738f7e\"><div class=\"gb-inside-container\">\n\n<h6 class=\"gb-headline gb-headline-3191dafb gb-headline-text\">EMISFERO<br>ESSELUNGA<br>EUROSPIN<br>FAMILA, A&amp;O, IPERFAMILA<br>GS \u2013 CARREFOUR<br>HAPPY CASA<\/h6>\n\n<\/div><\/div><\/div>\n\n<div class=\"gb-grid-column gb-grid-column-d97a245b\"><div class=\"gb-container gb-container-d97a245b\"><div class=\"gb-inside-container\">\n\n<h6 class=\"gb-headline gb-headline-cac5d898 gb-headline-text\">IL GIGANTE<br>INTERSPAR<br>IPER LA GRANDE I<br>KASANOVA<br>MAURY\u2019S<br>MEDIAWORLD<\/h6>\n\n<\/div><\/div><\/div>\n\n<div class=\"gb-grid-column gb-grid-column-b00a8f80\"><div class=\"gb-container gb-container-b00a8f80\"><div class=\"gb-inside-container\">\n\n<h6 class=\"gb-headline gb-headline-17b439a0 gb-headline-text\">PAM PANORAMA<br>RISPARMIO CASA<br>SATUR<br>SME<br>TRE G&nbsp;(SAN SEVERO)<br>UNIEURO<\/h6>\n\n<\/div><\/div><\/div>\n<\/div>\n<\/div><\/div>\n\n<div class=\"gb-container gb-container-58aa5b7f\"><div class=\"gb-inside-container\">\n<div class=\"gb-container gb-container-85748daf\"><div class=\"gb-inside-container\">\n<div id=\"qrlegno_snips-headline-block_b9da1854df274a1819956764ca645fbb\" class=\"qrlegno_headline_wrapper  qrlegno_snips-headlines\" >\r\n   <div class=\"headline_home row block_b9da1854df274a1819956764ca645fbb\">\r\n\r\n<h2 class=\"block-title\"><span class=\"last\"><\/span>\r\n\tWo finden Sie Snips-Produkte<\/h2>\r\n\r\n\r\n   \t <\/div><!-- .block -->\r\n<\/div><!-- .blocks -->  \r\n\n<\/div><\/div>\n\n<div class=\"gb-grid-wrapper gb-grid-wrapper-f7617800\">\n<div class=\"gb-grid-column gb-grid-column-a923db46\"><div class=\"gb-container gb-container-a923db46\"><div class=\"gb-inside-container\">\n\n<h6 class=\"gb-headline gb-headline-8d5d7fc1 gb-headline-text\">A DE GRUCHY &amp; CO. LTD.<br>A PLACE FOR EVERTHING<br>ALDI<br>AMAZON<br>AUCHAN<br>BABOU<br>BARTON GRANGE GARDEN CENTRE<br>BETTY BOSSI<br>BONAMI ON LINE<br>BURLINGTON<br>CARREFOUR<br>CASINO<br>CATALOGHISTI<br>CATENE NEGOZI CASALINGHI<br>CENTRAKOR<br>CONDIS<br>COOP<br>CORA<br>DELHAIZE<br>EDEKA<br>EROSKI<\/h6>\n\n<\/div><\/div><\/div>\n\n<div class=\"gb-grid-column gb-grid-column-67c885c6\"><div class=\"gb-container gb-container-67c885c6\"><div class=\"gb-inside-container\">\n\n<h6 class=\"gb-headline gb-headline-e16b1ffe gb-headline-text\">FOIR&#8217;FOUILLE<br>GIFI<br>HILLS OF SPALDING<br>HOFER<br>HOMEGOODS<br>HOUSING UNITS GROUP LIMITED<br>INTERMARCH\u00c9<br>INTERSPAR<br>J.K\u00c4RKK\u00c4INEN OY<br>JUMBO<br>KAUFLAND<br>KODI<br>L&#8217;INCROYABLE<br>L&amp;P<br>LANDI<br>LECLERC<br>LIVERPOOL<br>LONGACRES GARDEN CENTRE LTD<br>MAKRO<br>MANOR<\/h6>\n\n<\/div><\/div><\/div>\n\n<div class=\"gb-grid-column gb-grid-column-06f7a422\"><div class=\"gb-container gb-container-06f7a422\"><div class=\"gb-inside-container\">\n\n<h6 class=\"gb-headline gb-headline-f8f2d774 gb-headline-text\">MARKET IN<br>MARSHALL&#8217;S OF MA, INC.<br>MEDIAMARKT<br>MENARYS RETAIL LTD<br>METRO<br>MIGROS<br>NETTO APS<br>NEWTON<br>NKD<br>NORMA<br>PENNY<br>PFENNIGPFEIFFER<br>POCO<br>PRYM<br>RAEMOIR GARDEN CENTRE LTD<br>REWE INTERNATIONAL<br>ROSEBOURNE LTD<br>SCOTSDALES GARDEN CENTRE<br>SEARS<br>SOK PALVELUASSA<br>SORLI<\/h6>\n\n<\/div><\/div><\/div>\n\n<div class=\"gb-grid-column gb-grid-column-3ef99633\"><div class=\"gb-container gb-container-3ef99633\"><div class=\"gb-inside-container\">\n\n<h6 class=\"gb-headline gb-headline-f5e1b18f gb-headline-text\">STOCKOMANIE<br>STUFF FOR THE KITCHEN<br>SYST\u00c8ME U<br>TJX<br>TYNWALD MILLS<br>ULSTER STORES LTD<br>UNIMARKT<br>UNITED HOMEWARE COMPANY<br>VINCENT DAVIES &amp; SON LTD<br>W J DANIEL &amp; CO LTD<br>WALMART<br>WALZ<br>WELBILD<br>WINNERS<br>ZODIO<\/h6>\n\n<\/div><\/div><\/div>\n<\/div>\n<\/div><\/div>\n\n<div class=\"gb-container gb-container-5a6385f4\"><div class=\"gb-inside-container\">\n<div id=\"qrlegno_snips-headline-block_dc7e3a694c5912fe3a2918b5b4f4e65e\" class=\"qrlegno_headline_wrapper  qrlegno_snips-headlines\" >\r\n   <div class=\"headline_home row block_dc7e3a694c5912fe3a2918b5b4f4e65e\">\r\n\r\n<h2 class=\"block-title\"><span class=\"last\"><\/span>\r\n\tKontaktiere uns<\/h2>\r\n\r\n\r\n   \t <\/div><!-- .block -->\r\n<\/div><!-- .blocks -->  \r\n\n\n\n<h2 class=\"gb-headline gb-headline-601d9008 gb-headline-text\"><strong>SNIPS s.r.l..<\/strong><\/h2>\n\n\n\n<p class=\"gb-headline gb-headline-d76be98d gb-headline-text\"><a href=\"https:\/\/g.page\/snipshome?share\" target=\"_blank\" rel=\"noreferrer noopener\">Strada provinciale 107, n 7<br>26816 Ossago Lodigiano (Lodi) Italy<\/a><br>Tel <a href=\"tel:+390371289943\">+39 0371 289943<\/a>. Fax +39 0371 289946<br>e-mail: <a href=\"mailto:snips@snips.it\">snips@snips.it<\/a> &#8211; <a href=\"mailto:customercare@snips.it\">customercare@snips.it<\/a><\/p>\n\n\n\n<p><\/p>\n\n\n\n<iframe src=\"https:\/\/www.google.com\/maps\/embed?pb=!1m14!1m8!1m3!1d44954.01813014748!2d9.537522!3d45.23513!3m2!1i1024!2i768!4f13.1!3m3!1m2!1s0x0%3A0x75061a3cc93906b8!2sSnips%20S.r.l!5e0!3m2!1sit!2sit!4v1634116057678!5m2!1sit!2sit\" width=\"100%\" height=\"450\" style=\"border:0;\" allowfullscreen=\"\" loading=\"lazy\"><\/iframe>\n\n<\/div><\/div>","protected":false},"excerpt":{"rendered":"<p>Wie man uns findet SNIPS s.r.l.. Strada provinciale 107, n 726816 Ossago Lodigiano (Lodi) ItalyTel +39 0371 289943. Fax +39 0371 289946e-mail: snips@snips.it &#8211; customercare@snips.it<\/p>\n","protected":false},"author":1,"featured_media":0,"parent":0,"menu_order":42,"comment_status":"closed","ping_status":"open","template":"","meta":{"_acf_changed":false,"footnotes":""},"class_list":{"0":"post-3121","1":"page","2":"type-page","3":"status-publish","5":"infinite-scroll-item"},"acf":[],"yoast_head":"<!-- This site is optimized with the Yoast SEO plugin v27.3 - https:\/\/yoast.com\/product\/yoast-seo-wordpress\/ -->\n<title>Wie man uns findet - Snips<\/title>\n<meta name=\"robots\" content=\"index, follow, max-snippet:-1, max-image-preview:large, max-video-preview:-1\" \/>\n<link rel=\"canonical\" href=\"https:\/\/www.snips.it\/de\/wie-man-uns-findet\/\" \/>\n<meta property=\"og:locale\" content=\"de_DE\" \/>\n<meta property=\"og:type\" content=\"article\" \/>\n<meta property=\"og:title\" content=\"Wie man uns findet - Snips\" \/>\n<meta property=\"og:description\" content=\"Wie man uns findet SNIPS s.r.l.. Strada provinciale 107, n 726816 Ossago Lodigiano (Lodi) ItalyTel +39 0371 289943. Fax +39 0371 289946e-mail: snips@snips.it &#8211; customercare@snips.it\" \/>\n<meta property=\"og:url\" content=\"https:\/\/www.snips.it\/de\/wie-man-uns-findet\/\" \/>\n<meta property=\"og:site_name\" content=\"Snips\" \/>\n<meta property=\"article:modified_time\" content=\"2024-10-14T13:23:21+00:00\" \/>\n<meta name=\"twitter:card\" content=\"summary_large_image\" \/>\n<meta name=\"twitter:label1\" content=\"Gesch\u00e4tzte Lesezeit\" \/>\n\t<meta name=\"twitter:data1\" content=\"2\u00a0Minuten\" \/>\n<script type=\"application\/ld+json\" class=\"yoast-schema-graph\">{\"@context\":\"https:\\\/\\\/schema.org\",\"@graph\":[{\"@type\":\"WebPage\",\"@id\":\"https:\\\/\\\/www.snips.it\\\/de\\\/wie-man-uns-findet\\\/\",\"url\":\"https:\\\/\\\/www.snips.it\\\/de\\\/wie-man-uns-findet\\\/\",\"name\":\"Wie man uns findet - Snips\",\"isPartOf\":{\"@id\":\"https:\\\/\\\/www.snips.it\\\/de\\\/#website\"},\"datePublished\":\"2021-10-13T08:50:21+00:00\",\"dateModified\":\"2024-10-14T13:23:21+00:00\",\"breadcrumb\":{\"@id\":\"https:\\\/\\\/www.snips.it\\\/de\\\/wie-man-uns-findet\\\/#breadcrumb\"},\"inLanguage\":\"de\",\"potentialAction\":[{\"@type\":\"ReadAction\",\"target\":[\"https:\\\/\\\/www.snips.it\\\/de\\\/wie-man-uns-findet\\\/\"]}]},{\"@type\":\"BreadcrumbList\",\"@id\":\"https:\\\/\\\/www.snips.it\\\/de\\\/wie-man-uns-findet\\\/#breadcrumb\",\"itemListElement\":[{\"@type\":\"ListItem\",\"position\":1,\"name\":\"Home\",\"item\":\"https:\\\/\\\/www.snips.it\\\/de\\\/\"},{\"@type\":\"ListItem\",\"position\":2,\"name\":\"Wie man uns findet\"}]},{\"@type\":\"WebSite\",\"@id\":\"https:\\\/\\\/www.snips.it\\\/de\\\/#website\",\"url\":\"https:\\\/\\\/www.snips.it\\\/de\\\/\",\"name\":\"Snips\",\"description\":\"Snips | Contenitori di alta qualit\u00e0 per la casa e la cucina\",\"publisher\":{\"@id\":\"https:\\\/\\\/www.snips.it\\\/de\\\/#organization\"},\"potentialAction\":[{\"@type\":\"SearchAction\",\"target\":{\"@type\":\"EntryPoint\",\"urlTemplate\":\"https:\\\/\\\/www.snips.it\\\/de\\\/?s={search_term_string}\"},\"query-input\":{\"@type\":\"PropertyValueSpecification\",\"valueRequired\":true,\"valueName\":\"search_term_string\"}}],\"inLanguage\":\"de\"},{\"@type\":\"Organization\",\"@id\":\"https:\\\/\\\/www.snips.it\\\/de\\\/#organization\",\"name\":\"Snips Srl\",\"url\":\"https:\\\/\\\/www.snips.it\\\/de\\\/\",\"logo\":{\"@type\":\"ImageObject\",\"inLanguage\":\"de\",\"@id\":\"https:\\\/\\\/www.snips.it\\\/de\\\/#\\\/schema\\\/logo\\\/image\\\/\",\"url\":\"https:\\\/\\\/www.snips.it\\\/wp-content\\\/uploads\\\/2021\\\/10\\\/cropped-logo-5.png\",\"contentUrl\":\"https:\\\/\\\/www.snips.it\\\/wp-content\\\/uploads\\\/2021\\\/10\\\/cropped-logo-5.png\",\"width\":110,\"height\":66,\"caption\":\"Snips Srl\"},\"image\":{\"@id\":\"https:\\\/\\\/www.snips.it\\\/de\\\/#\\\/schema\\\/logo\\\/image\\\/\"}}]}<\/script>\n<!-- \/ Yoast SEO plugin. -->","yoast_head_json":{"title":"Wie man uns findet - Snips","robots":{"index":"index","follow":"follow","max-snippet":"max-snippet:-1","max-image-preview":"max-image-preview:large","max-video-preview":"max-video-preview:-1"},"canonical":"https:\/\/www.snips.it\/de\/wie-man-uns-findet\/","og_locale":"de_DE","og_type":"article","og_title":"Wie man uns findet - Snips","og_description":"Wie man uns findet SNIPS s.r.l.. Strada provinciale 107, n 726816 Ossago Lodigiano (Lodi) ItalyTel +39 0371 289943. Fax +39 0371 289946e-mail: snips@snips.it &#8211; customercare@snips.it","og_url":"https:\/\/www.snips.it\/de\/wie-man-uns-findet\/","og_site_name":"Snips","article_modified_time":"2024-10-14T13:23:21+00:00","twitter_card":"summary_large_image","twitter_misc":{"Gesch\u00e4tzte Lesezeit":"2\u00a0Minuten"},"schema":{"@context":"https:\/\/schema.org","@graph":[{"@type":"WebPage","@id":"https:\/\/www.snips.it\/de\/wie-man-uns-findet\/","url":"https:\/\/www.snips.it\/de\/wie-man-uns-findet\/","name":"Wie man uns findet - Snips","isPartOf":{"@id":"https:\/\/www.snips.it\/de\/#website"},"datePublished":"2021-10-13T08:50:21+00:00","dateModified":"2024-10-14T13:23:21+00:00","breadcrumb":{"@id":"https:\/\/www.snips.it\/de\/wie-man-uns-findet\/#breadcrumb"},"inLanguage":"de","potentialAction":[{"@type":"ReadAction","target":["https:\/\/www.snips.it\/de\/wie-man-uns-findet\/"]}]},{"@type":"BreadcrumbList","@id":"https:\/\/www.snips.it\/de\/wie-man-uns-findet\/#breadcrumb","itemListElement":[{"@type":"ListItem","position":1,"name":"Home","item":"https:\/\/www.snips.it\/de\/"},{"@type":"ListItem","position":2,"name":"Wie man uns findet"}]},{"@type":"WebSite","@id":"https:\/\/www.snips.it\/de\/#website","url":"https:\/\/www.snips.it\/de\/","name":"Snips","description":"Snips | Contenitori di alta qualit\u00e0 per la casa e la cucina","publisher":{"@id":"https:\/\/www.snips.it\/de\/#organization"},"potentialAction":[{"@type":"SearchAction","target":{"@type":"EntryPoint","urlTemplate":"https:\/\/www.snips.it\/de\/?s={search_term_string}"},"query-input":{"@type":"PropertyValueSpecification","valueRequired":true,"valueName":"search_term_string"}}],"inLanguage":"de"},{"@type":"Organization","@id":"https:\/\/www.snips.it\/de\/#organization","name":"Snips Srl","url":"https:\/\/www.snips.it\/de\/","logo":{"@type":"ImageObject","inLanguage":"de","@id":"https:\/\/www.snips.it\/de\/#\/schema\/logo\/image\/","url":"https:\/\/www.snips.it\/wp-content\/uploads\/2021\/10\/cropped-logo-5.png","contentUrl":"https:\/\/www.snips.it\/wp-content\/uploads\/2021\/10\/cropped-logo-5.png","width":110,"height":66,"caption":"Snips Srl"},"image":{"@id":"https:\/\/www.snips.it\/de\/#\/schema\/logo\/image\/"}}]}},"_links":{"self":[{"href":"https:\/\/www.snips.it\/de\/wp-json\/wp\/v2\/pages\/3121","targetHints":{"allow":["GET"]}}],"collection":[{"href":"https:\/\/www.snips.it\/de\/wp-json\/wp\/v2\/pages"}],"about":[{"href":"https:\/\/www.snips.it\/de\/wp-json\/wp\/v2\/types\/page"}],"author":[{"embeddable":true,"href":"https:\/\/www.snips.it\/de\/wp-json\/wp\/v2\/users\/1"}],"replies":[{"embeddable":true,"href":"https:\/\/www.snips.it\/de\/wp-json\/wp\/v2\/comments?post=3121"}],"version-history":[{"count":6,"href":"https:\/\/www.snips.it\/de\/wp-json\/wp\/v2\/pages\/3121\/revisions"}],"predecessor-version":[{"id":35526,"href":"https:\/\/www.snips.it\/de\/wp-json\/wp\/v2\/pages\/3121\/revisions\/35526"}],"wp:attachment":[{"href":"https:\/\/www.snips.it\/de\/wp-json\/wp\/v2\/media?parent=3121"}],"curies":[{"name":"wp","href":"https:\/\/api.w.org\/{rel}","templated":true}]}}