{"id":3115,"date":"2021-10-08T16:13:42","date_gmt":"2021-10-08T14:13:42","guid":{"rendered":"https:\/\/www.snips.it\/chi-siamo\/"},"modified":"2025-05-12T14:58:51","modified_gmt":"2025-05-12T12:58:51","slug":"wer-wir-sind","status":"publish","type":"page","link":"https:\/\/www.snips.it\/de\/wer-wir-sind\/","title":{"rendered":"Wer wir sind"},"content":{"rendered":"<div class=\"gb-container gb-container-8581e982\"><div class=\"gb-inside-container\">\n\n<h1 class=\"gb-headline gb-headline-109c04ad gb-headline-text\">Wer wir sind<\/h1>\n\n<\/div><\/div>\n\n<div class=\"gb-container gb-container-7cacc2db\"><div class=\"gb-inside-container\">\n<div class=\"gb-grid-wrapper gb-grid-wrapper-abd420e8\">\n<div class=\"gb-grid-column gb-grid-column-fec45398\"><div class=\"gb-container gb-container-fec45398\"><div class=\"gb-inside-container\">\n\n<h2 class=\"gb-headline gb-headline-4e9a6173 gb-headline-text\">UNSERE GESCHICHTE<\/h2>\n\n\n\n<p class=\"gb-headline gb-headline-18d1e932 gb-headline-text\">1973 ein \u00fcberw\u00e4ltigender Start. Die Unternehmensgeschichte begann vor mehr als 45 Jahren mit dem \u201ePh\u00e4nomen\u201c der Snips-Schere. Es war ein so erfolgreiches und gl\u00fcckliches Produkt, dass das Unternehmen nach ihm benannt wurde.<br>Ein mitrei\u00dfender Start aufgrund der Weitsicht von Giuseppe Piacenza, der 1973 das Produkt in Neuseeland entdeckte, die weltweite Exklusivit\u00e4t erwarb, es unter dem Markennamen Snips produzierte, allein in Italien \u00fcber 10 Millionen St\u00fcck verkaufte und es dann weltweit verteilte.<br>Funktionalit\u00e4t, Praktikabilit\u00e4t, Qualit\u00e4t, Design, Sicherheit und angemessene Kosten waren die Erfolgsfaktoren. Die Snips-Schere konnte wirklich alles schneiden, auch d\u00fcnne Metalle, aber f\u00fcr eine bestimmte Konformation der Klingen nicht die Finger.<br>Dieser gro\u00dfe Erfolg legte den Grundstein f\u00fcr das Image und das Prestige der Marke Snips, die nach wie vor eine sehr wichtige Rolle auf dem Markt und in den gro\u00dfen Handelsketten spielt.<\/p>\n\n<\/div><\/div><\/div>\n\n<div class=\"gb-grid-column gb-grid-column-2f36cd85\"><div class=\"gb-container gb-container-2f36cd85\"><div class=\"gb-inside-container\">\n<div class=\"wp-block-image\">\n<figure class=\"aligncenter size-full\"><img loading=\"lazy\" decoding=\"async\" width=\"378\" height=\"376\" src=\"https:\/\/www.snips.it\/wp-content\/uploads\/2021\/10\/azienda.jpg\" alt=\"\" class=\"wp-image-952\" srcset=\"https:\/\/www.snips.it\/wp-content\/uploads\/2021\/10\/azienda.jpg 378w, https:\/\/www.snips.it\/wp-content\/uploads\/2021\/10\/azienda-300x298.jpg 300w, https:\/\/www.snips.it\/wp-content\/uploads\/2021\/10\/azienda-150x150.jpg 150w\" sizes=\"auto, (max-width: 378px) 100vw, 378px\" \/><\/figure>\n<\/div>\n<\/div><\/div><\/div>\n<\/div>\n<\/div><\/div>\n\n<div class=\"gb-container gb-container-f1465a75\"><div class=\"gb-inside-container\">\n<div id=\"snips_accordion-block_b8c6f5303bd8d49b1014c6fa5f8967f3\" class=\"snips_accordions_wrapper snips_accordions\" >\r\n    <div class=\"container\">\r\n    <div class=\"row  block_b8c6f5303bd8d49b1014c6fa5f8967f3\">\r\n        <div class=\"col-md-12\">  \r\n        <div class=\"accordion\" id=\"a_faqs\">                            <div class=\"faq-card\" id=\"heading-1\">\r\n                                <div class=\"faq-card-header\" data-toggle=\"collapse\" data-target=\"#collapse-1\" aria-expanded=\"false\" aria-controls=\"collapse-1\">\r\n                                    <a class=\"btn btn-link faq-button\" >\r\n                                                MISSION                                    <\/a>   \r\n                                <\/div>\r\n                                <div id=\"collapse-1\" class=\"collapse\" aria-labelledby=\"heading-1\" data-parent=\"#a_faqs\">\r\n                                <div class=\"faq-card-body\">\r\n                                    <div class=\"row\">\r\n                                        <div class=\"col-md-3\"> <img decoding=\"async\" src=\"https:\/\/www.snips.it\/wp-content\/uploads\/2023\/02\/INTRO-MICROONDE-PROSPETTIVA-1.jpg\"><\/div>\r\n                                        <div class=\"col-md-9\"><p><strong>Unsere aufgabe<\/strong><\/p>\n<p>Snips ist \u00fcberzeugt, dass die Einf\u00fchrung einer kleinen Verbesserung in einem t\u00e4glichen Ereignis zu einem Vorteil wird, der sich im Laufe der Zeit vervielfacht und das Leben der Menschen verbessert.<\/p>\n<p>Snips antizipiert die Bed\u00fcrfnisse der Verbraucher und bietet probleml\u00f6sende Produkte mit einem Hauch von Ironie, Frische und Originalit\u00e4t im Design. Der Marktwert wird durch innovative, sichere, qualitativ hochwertige Produkte mit hohem Serviceinhalt gesteigert.<\/p>\n<\/div>\r\n                                      <\/div>\r\n                                <\/div>\r\n                                <\/div>\r\n                            <\/div>\r\n                                                        <div class=\"faq-card\" id=\"heading-2\">\r\n                                <div class=\"faq-card-header\" data-toggle=\"collapse\" data-target=\"#collapse-2\" aria-expanded=\"false\" aria-controls=\"collapse-2\">\r\n                                    <a class=\"btn btn-link faq-button\" >\r\n                                                100% MADE IN ITALY                                    <\/a>   \r\n                                <\/div>\r\n                                <div id=\"collapse-2\" class=\"collapse\" aria-labelledby=\"heading-2\" data-parent=\"#a_faqs\">\r\n                                <div class=\"faq-card-body\">\r\n                                    <div class=\"row\">\r\n                                        <div class=\"col-md-3\"> <img decoding=\"async\" src=\"https:\/\/www.snips.it\/wp-content\/uploads\/2021\/11\/1-1.jpg\"><\/div>\r\n                                        <div class=\"col-md-9\"><p>Snips tr\u00e4umt, entwirft und produziert alles in Italien, immer noch der beste Ort der Welt, um in jeder Produktionsphase maximale Qualit\u00e4t in jedem Aspekt eines Produkts zu erzielen: Kreativit\u00e4t, Innovation, Technologie, \u00e4sthetische Werte, 100% Made in Italy. Dies ist garantiert vom Engagement von zwei Generationen der Familie Piacenza.<\/p>\n<\/div>\r\n                                      <\/div>\r\n                                <\/div>\r\n                                <\/div>\r\n                            <\/div>\r\n                                                        <div class=\"faq-card\" id=\"heading-3\">\r\n                                <div class=\"faq-card-header\" data-toggle=\"collapse\" data-target=\"#collapse-3\" aria-expanded=\"false\" aria-controls=\"collapse-3\">\r\n                                    <a class=\"btn btn-link faq-button\" >\r\n                                                FORSCHUNG UND ENTWICKLUNG                                    <\/a>   \r\n                                <\/div>\r\n                                <div id=\"collapse-3\" class=\"collapse\" aria-labelledby=\"heading-3\" data-parent=\"#a_faqs\">\r\n                                <div class=\"faq-card-body\">\r\n                                    <div class=\"row\">\r\n                                        <div class=\"col-md-3\"> <img decoding=\"async\" src=\"https:\/\/www.snips.it\/wp-content\/uploads\/2025\/03\/RIORDINELLO_Ambientata-orizzontale-1.jpg\"><\/div>\r\n                                        <div class=\"col-md-9\"><p><strong>Forschung und Entwicklung: ein t\u00e4glicher Prozess<\/strong><\/p>\n<p>Verbesserung der Funktionalit\u00e4t von Produkten, Versuch, die Bed\u00fcrfnisse von M\u00e4rkten und Verbrauchern zu interpretieren und zu antizipieren.<\/p>\n<p>Die Politik von Snips zur st\u00e4ndigen Innovation f\u00fchrte zur Einf\u00fchrung der In-Mould-Labeling-Technologie (IML), die eine pr\u00e4zise Anwendung einer fotografischen Dekoration erm\u00f6glicht, einem Produkt ein faszinierendes Aussehen verleiht und eine sofortige Erkennung der Funktion erm\u00f6glicht, f\u00fcr die das Objekt verwendet wird.<\/p>\n<p>Die st\u00e4ndige Aufmerksamkeit f\u00fcr ein raffiniertes Design, die Tendenz zu langlebigen, hochfunktionellen Produkten, bringt unsere Realit\u00e4t dazu, st\u00e4ndig nach neuen Materialien und neuen Prozessen zu suchen. Zum Beispiel die Zwei- \/ Dreikomponenten-Spritzgusstechnik. Dank dieser Technik werden zwei verschiedene Materialien im selben Produktionszyklus zusammengeformt, um komplexe Details zu konstruieren.<\/p>\n<\/div>\r\n                                      <\/div>\r\n                                <\/div>\r\n                                <\/div>\r\n                            <\/div>\r\n                                                        <div class=\"faq-card\" id=\"heading-4\">\r\n                                <div class=\"faq-card-header\" data-toggle=\"collapse\" data-target=\"#collapse-4\" aria-expanded=\"false\" aria-controls=\"collapse-4\">\r\n                                    <a class=\"btn btn-link faq-button\" >\r\n                                                ZERTIFIZIERUNGEN                                    <\/a>   \r\n                                <\/div>\r\n                                <div id=\"collapse-4\" class=\"collapse\" aria-labelledby=\"heading-4\" data-parent=\"#a_faqs\">\r\n                                <div class=\"faq-card-body\">\r\n                                    <div class=\"row\">\r\n                                        <div class=\"col-md-3\"> <img decoding=\"async\" src=\"https:\/\/www.snips.it\/wp-content\/uploads\/2021\/11\/TUVRLOGO_1EN_RGB.jpg\"><\/div>\r\n                                        <div class=\"col-md-9\"><p><strong>UNSERE ZERTIFIZIERUNGEN: Die Sicherheit unserer Kunden!<\/strong><\/p>\n<p>SNIPS hat vom T\u00dcV Rheinland die Zertifizierung zum Qualit\u00e4tsmanagementsystem nach der Norm ISO 9001: 20015 erhalten.<\/p>\n<p>Alle Artikel der Snips S.r.l., die f\u00fcr das Lebensmittelkontakt zertifiziert sind, erf\u00fcllen die Anforderungen von:<\/p>\n<ul>\n<li>Verordnung (EG) Nr. 10\/2011;<\/li>\n<li>Artikel 3, 11 (5), 15 und 17 der Verordnung (EG) Nr. 1935\/2004;<\/li>\n<li>\u00a7\u00a7 30 und 31 LFGB und Deutsche Bedarfsgegenst\u00e4ndeverordnung;<\/li>\n<li>California Proposition 65;<\/li>\n<\/ul>\n<p>Die Konzentration der globalen Migration (OML) und der spezifischen Migrationen (SML) des Artikels liegt unter dem Grenzwert f\u00fcr die Verordnung (EG) Nr. 10\/2011.<\/p>\n<p>Die verwendeten Produkte und Materialien entsprechen der Verordnung (EG) Nr. 10\/2011 und der Deutschen Bedarfsgegenstandsverordnung.<\/p>\n<p><a href=\"\/wp-content\/uploads\/2021\/11\/39_00_1171705_Main_EN.pdf\" target=\"_blank\" rel=\"noopener\">Certificate ISO:9001<\/a><\/p>\n<\/div>\r\n                                      <\/div>\r\n                                <\/div>\r\n                                <\/div>\r\n                            <\/div>\r\n                                                        <div class=\"faq-card\" id=\"heading-5\">\r\n                                <div class=\"faq-card-header\" data-toggle=\"collapse\" data-target=\"#collapse-5\" aria-expanded=\"false\" aria-controls=\"collapse-5\">\r\n                                    <a class=\"btn btn-link faq-button\" >\r\n                                                MATERIALSICHERHEIT                                    <\/a>   \r\n                                <\/div>\r\n                                <div id=\"collapse-5\" class=\"collapse\" aria-labelledby=\"heading-5\" data-parent=\"#a_faqs\">\r\n                                <div class=\"faq-card-body\">\r\n                                    <div class=\"row\">\r\n                                        <div class=\"col-md-3\"> <img decoding=\"async\" src=\"https:\/\/www.snips.it\/wp-content\/uploads\/2025\/03\/Aroma-1.5-L_senape_AMB.jpg\"><\/div>\r\n                                        <div class=\"col-md-9\"><p><strong>MATERIALSICHERHEIT: Suche nach hochwertigen Rohstoffen<\/strong><\/p>\n<p>Es werden alle notwendigen Hinweise f\u00fcr eine korrekte und sichere Verwendung und Behandlung von Materialien gegeben, die sicherstellen, dass die Snips-Produkte l\u00e4nger halten und immer effizient sind.<\/p>\n<p>Alle Kunststoffe, die wir f\u00fcr unsere Produktion verwenden, sind zertifiziert und unsere Produkte werden von Hansecontrol Hamburg und T\u00dcV Rheinland nach den besten Standards f\u00fcr den Lebensmittelkontakt und den spezifischen Anforderungen der Kunden gepr\u00fcft.<\/p>\n<p>Die Rohstoffe von absoluter Qualit\u00e4t geben uns die Garantie f\u00fcr ein Produkt, das \u00fcber die Zeit h\u00e4lt, ohne Verformung von Formen und Dekorationen, ohne Freisetzung giftiger Substanzen in Lebensmitteln und Getr\u00e4nken. Sie sind Garantien, die wir denen geben, die unsere Produkte t\u00e4glich verwenden.<\/p>\n<\/div>\r\n                                      <\/div>\r\n                                <\/div>\r\n                                <\/div>\r\n                            <\/div>\r\n                            <\/div>        <\/div>\r\n    <\/div>\r\n<\/div>\r\n\n<\/div><\/div>","protected":false},"excerpt":{"rendered":"<p>Wer wir sind<\/p>\n","protected":false},"author":1,"featured_media":0,"parent":0,"menu_order":30,"comment_status":"closed","ping_status":"open","template":"","meta":{"_acf_changed":false,"footnotes":""},"class_list":{"0":"post-3115","1":"page","2":"type-page","3":"status-publish","5":"infinite-scroll-item"},"acf":[],"yoast_head":"<!-- This site is optimized with the Yoast SEO plugin v27.5 - https:\/\/yoast.com\/product\/yoast-seo-wordpress\/ -->\n<title>Wer wir sind - Snips<\/title>\n<meta name=\"robots\" content=\"index, follow, max-snippet:-1, max-image-preview:large, max-video-preview:-1\" \/>\n<link rel=\"canonical\" href=\"https:\/\/www.snips.it\/de\/wer-wir-sind\/\" \/>\n<meta property=\"og:locale\" content=\"de_DE\" \/>\n<meta property=\"og:type\" content=\"article\" \/>\n<meta property=\"og:title\" content=\"Wer wir sind - Snips\" \/>\n<meta property=\"og:description\" content=\"Wer wir sind\" \/>\n<meta property=\"og:url\" content=\"https:\/\/www.snips.it\/de\/wer-wir-sind\/\" \/>\n<meta property=\"og:site_name\" content=\"Snips\" \/>\n<meta property=\"article:modified_time\" content=\"2025-05-12T12:58:51+00:00\" \/>\n<meta property=\"og:image\" content=\"https:\/\/www.snips.it\/wp-content\/uploads\/2021\/10\/azienda.jpg\" \/>\n\t<meta property=\"og:image:width\" content=\"378\" \/>\n\t<meta property=\"og:image:height\" content=\"376\" \/>\n\t<meta property=\"og:image:type\" content=\"image\/jpeg\" \/>\n<meta name=\"twitter:card\" content=\"summary_large_image\" \/>\n<meta name=\"twitter:label1\" content=\"Gesch\u00e4tzte Lesezeit\" \/>\n\t<meta name=\"twitter:data1\" content=\"1\u00a0Minute\" \/>\n<script type=\"application\/ld+json\" class=\"yoast-schema-graph\">{\"@context\":\"https:\\\/\\\/schema.org\",\"@graph\":[{\"@type\":\"WebPage\",\"@id\":\"https:\\\/\\\/www.snips.it\\\/de\\\/wer-wir-sind\\\/\",\"url\":\"https:\\\/\\\/www.snips.it\\\/de\\\/wer-wir-sind\\\/\",\"name\":\"Wer wir sind - Snips\",\"isPartOf\":{\"@id\":\"https:\\\/\\\/www.snips.it\\\/de\\\/#website\"},\"primaryImageOfPage\":{\"@id\":\"https:\\\/\\\/www.snips.it\\\/de\\\/wer-wir-sind\\\/#primaryimage\"},\"image\":{\"@id\":\"https:\\\/\\\/www.snips.it\\\/de\\\/wer-wir-sind\\\/#primaryimage\"},\"thumbnailUrl\":\"https:\\\/\\\/www.snips.it\\\/wp-content\\\/uploads\\\/2021\\\/10\\\/azienda.jpg\",\"datePublished\":\"2021-10-08T14:13:42+00:00\",\"dateModified\":\"2025-05-12T12:58:51+00:00\",\"breadcrumb\":{\"@id\":\"https:\\\/\\\/www.snips.it\\\/de\\\/wer-wir-sind\\\/#breadcrumb\"},\"inLanguage\":\"de\",\"potentialAction\":[{\"@type\":\"ReadAction\",\"target\":[\"https:\\\/\\\/www.snips.it\\\/de\\\/wer-wir-sind\\\/\"]}]},{\"@type\":\"ImageObject\",\"inLanguage\":\"de\",\"@id\":\"https:\\\/\\\/www.snips.it\\\/de\\\/wer-wir-sind\\\/#primaryimage\",\"url\":\"https:\\\/\\\/www.snips.it\\\/wp-content\\\/uploads\\\/2021\\\/10\\\/azienda.jpg\",\"contentUrl\":\"https:\\\/\\\/www.snips.it\\\/wp-content\\\/uploads\\\/2021\\\/10\\\/azienda.jpg\"},{\"@type\":\"BreadcrumbList\",\"@id\":\"https:\\\/\\\/www.snips.it\\\/de\\\/wer-wir-sind\\\/#breadcrumb\",\"itemListElement\":[{\"@type\":\"ListItem\",\"position\":1,\"name\":\"Home\",\"item\":\"https:\\\/\\\/www.snips.it\\\/de\\\/\"},{\"@type\":\"ListItem\",\"position\":2,\"name\":\"Wer wir sind\"}]},{\"@type\":\"WebSite\",\"@id\":\"https:\\\/\\\/www.snips.it\\\/de\\\/#website\",\"url\":\"https:\\\/\\\/www.snips.it\\\/de\\\/\",\"name\":\"Snips\",\"description\":\"Snips | Contenitori di alta qualit\u00e0 per la casa e la cucina\",\"publisher\":{\"@id\":\"https:\\\/\\\/www.snips.it\\\/de\\\/#organization\"},\"potentialAction\":[{\"@type\":\"SearchAction\",\"target\":{\"@type\":\"EntryPoint\",\"urlTemplate\":\"https:\\\/\\\/www.snips.it\\\/de\\\/?s={search_term_string}\"},\"query-input\":{\"@type\":\"PropertyValueSpecification\",\"valueRequired\":true,\"valueName\":\"search_term_string\"}}],\"inLanguage\":\"de\"},{\"@type\":\"Organization\",\"@id\":\"https:\\\/\\\/www.snips.it\\\/de\\\/#organization\",\"name\":\"Snips Srl\",\"url\":\"https:\\\/\\\/www.snips.it\\\/de\\\/\",\"logo\":{\"@type\":\"ImageObject\",\"inLanguage\":\"de\",\"@id\":\"https:\\\/\\\/www.snips.it\\\/de\\\/#\\\/schema\\\/logo\\\/image\\\/\",\"url\":\"https:\\\/\\\/www.snips.it\\\/wp-content\\\/uploads\\\/2021\\\/10\\\/cropped-logo-5.png\",\"contentUrl\":\"https:\\\/\\\/www.snips.it\\\/wp-content\\\/uploads\\\/2021\\\/10\\\/cropped-logo-5.png\",\"width\":110,\"height\":66,\"caption\":\"Snips Srl\"},\"image\":{\"@id\":\"https:\\\/\\\/www.snips.it\\\/de\\\/#\\\/schema\\\/logo\\\/image\\\/\"}}]}<\/script>\n<!-- \/ Yoast SEO plugin. -->","yoast_head_json":{"title":"Wer wir sind - Snips","robots":{"index":"index","follow":"follow","max-snippet":"max-snippet:-1","max-image-preview":"max-image-preview:large","max-video-preview":"max-video-preview:-1"},"canonical":"https:\/\/www.snips.it\/de\/wer-wir-sind\/","og_locale":"de_DE","og_type":"article","og_title":"Wer wir sind - Snips","og_description":"Wer wir sind","og_url":"https:\/\/www.snips.it\/de\/wer-wir-sind\/","og_site_name":"Snips","article_modified_time":"2025-05-12T12:58:51+00:00","og_image":[{"width":378,"height":376,"url":"https:\/\/www.snips.it\/wp-content\/uploads\/2021\/10\/azienda.jpg","type":"image\/jpeg"}],"twitter_card":"summary_large_image","twitter_misc":{"Gesch\u00e4tzte Lesezeit":"1\u00a0Minute"},"schema":{"@context":"https:\/\/schema.org","@graph":[{"@type":"WebPage","@id":"https:\/\/www.snips.it\/de\/wer-wir-sind\/","url":"https:\/\/www.snips.it\/de\/wer-wir-sind\/","name":"Wer wir sind - Snips","isPartOf":{"@id":"https:\/\/www.snips.it\/de\/#website"},"primaryImageOfPage":{"@id":"https:\/\/www.snips.it\/de\/wer-wir-sind\/#primaryimage"},"image":{"@id":"https:\/\/www.snips.it\/de\/wer-wir-sind\/#primaryimage"},"thumbnailUrl":"https:\/\/www.snips.it\/wp-content\/uploads\/2021\/10\/azienda.jpg","datePublished":"2021-10-08T14:13:42+00:00","dateModified":"2025-05-12T12:58:51+00:00","breadcrumb":{"@id":"https:\/\/www.snips.it\/de\/wer-wir-sind\/#breadcrumb"},"inLanguage":"de","potentialAction":[{"@type":"ReadAction","target":["https:\/\/www.snips.it\/de\/wer-wir-sind\/"]}]},{"@type":"ImageObject","inLanguage":"de","@id":"https:\/\/www.snips.it\/de\/wer-wir-sind\/#primaryimage","url":"https:\/\/www.snips.it\/wp-content\/uploads\/2021\/10\/azienda.jpg","contentUrl":"https:\/\/www.snips.it\/wp-content\/uploads\/2021\/10\/azienda.jpg"},{"@type":"BreadcrumbList","@id":"https:\/\/www.snips.it\/de\/wer-wir-sind\/#breadcrumb","itemListElement":[{"@type":"ListItem","position":1,"name":"Home","item":"https:\/\/www.snips.it\/de\/"},{"@type":"ListItem","position":2,"name":"Wer wir sind"}]},{"@type":"WebSite","@id":"https:\/\/www.snips.it\/de\/#website","url":"https:\/\/www.snips.it\/de\/","name":"Snips","description":"Snips | Contenitori di alta qualit\u00e0 per la casa e la cucina","publisher":{"@id":"https:\/\/www.snips.it\/de\/#organization"},"potentialAction":[{"@type":"SearchAction","target":{"@type":"EntryPoint","urlTemplate":"https:\/\/www.snips.it\/de\/?s={search_term_string}"},"query-input":{"@type":"PropertyValueSpecification","valueRequired":true,"valueName":"search_term_string"}}],"inLanguage":"de"},{"@type":"Organization","@id":"https:\/\/www.snips.it\/de\/#organization","name":"Snips Srl","url":"https:\/\/www.snips.it\/de\/","logo":{"@type":"ImageObject","inLanguage":"de","@id":"https:\/\/www.snips.it\/de\/#\/schema\/logo\/image\/","url":"https:\/\/www.snips.it\/wp-content\/uploads\/2021\/10\/cropped-logo-5.png","contentUrl":"https:\/\/www.snips.it\/wp-content\/uploads\/2021\/10\/cropped-logo-5.png","width":110,"height":66,"caption":"Snips Srl"},"image":{"@id":"https:\/\/www.snips.it\/de\/#\/schema\/logo\/image\/"}}]}},"_links":{"self":[{"href":"https:\/\/www.snips.it\/de\/wp-json\/wp\/v2\/pages\/3115","targetHints":{"allow":["GET"]}}],"collection":[{"href":"https:\/\/www.snips.it\/de\/wp-json\/wp\/v2\/pages"}],"about":[{"href":"https:\/\/www.snips.it\/de\/wp-json\/wp\/v2\/types\/page"}],"author":[{"embeddable":true,"href":"https:\/\/www.snips.it\/de\/wp-json\/wp\/v2\/users\/1"}],"replies":[{"embeddable":true,"href":"https:\/\/www.snips.it\/de\/wp-json\/wp\/v2\/comments?post=3115"}],"version-history":[{"count":21,"href":"https:\/\/www.snips.it\/de\/wp-json\/wp\/v2\/pages\/3115\/revisions"}],"predecessor-version":[{"id":38671,"href":"https:\/\/www.snips.it\/de\/wp-json\/wp\/v2\/pages\/3115\/revisions\/38671"}],"wp:attachment":[{"href":"https:\/\/www.snips.it\/de\/wp-json\/wp\/v2\/media?parent=3115"}],"curies":[{"name":"wp","href":"https:\/\/api.w.org\/{rel}","templated":true}]}}